{"id":11,"date":"2024-08-01T10:35:39","date_gmt":"2024-08-01T14:35:39","guid":{"rendered":"https:\/\/artefrio.com.ve\/?page_id=11"},"modified":"2025-04-02T09:18:03","modified_gmt":"2025-04-02T13:18:03","slug":"servicios","status":"publish","type":"page","link":"https:\/\/artefrio.com.ve\/index.php\/servicios\/","title":{"rendered":"Servicios"},"content":{"rendered":"\n<div class=\"wp-block-group alignfull has-base-2-background-color has-background has-global-padding is-layout-constrained wp-block-group-is-layout-constrained\">\n<div style=\"height:50px\" aria-hidden=\"true\" class=\"wp-block-spacer\"><\/div>\n\n\n\n<h2 class=\"wp-block-heading alignwide has-text-align-center has-x-large-font-size\"><strong>Nuestras Soluciones<\/strong><\/h2>\n\n\n\n<div class=\"wp-block-group alignfull has-global-padding is-layout-constrained wp-container-core-group-is-layout-d89aad35 wp-block-group-is-layout-constrained\" style=\"margin-top:0;margin-bottom:0;padding-top:var(--wp--preset--spacing--50);padding-right:var(--wp--preset--spacing--50);padding-bottom:var(--wp--preset--spacing--50);padding-left:var(--wp--preset--spacing--50)\">\n<div class=\"wp-block-columns alignwide is-layout-flex wp-container-core-columns-is-layout-1da03c2a wp-block-columns-is-layout-flex\">\n<div class=\"wp-block-column is-vertically-aligned-center is-layout-flow wp-block-column-is-layout-flow\" style=\"flex-basis:60%\">\n<figure class=\"wp-block-image size-full is-style-rounded wp-duotone-unset-2 is-style-rounded--1\"><img loading=\"lazy\" decoding=\"async\" width=\"2560\" height=\"1707\" src=\"https:\/\/artefrio.com.ve\/wp-content\/uploads\/2024\/08\/Cuarto-frio-scaled.jpeg\" alt=\"Servicios de Artefrio C.A.\" class=\"wp-image-126\" style=\"aspect-ratio:4\/3;object-fit:cover\" srcset=\"https:\/\/artefrio.com.ve\/wp-content\/uploads\/2024\/08\/Cuarto-frio-scaled.jpeg 2560w, https:\/\/artefrio.com.ve\/wp-content\/uploads\/2024\/08\/Cuarto-frio-300x200.jpeg 300w, https:\/\/artefrio.com.ve\/wp-content\/uploads\/2024\/08\/Cuarto-frio-1024x683.jpeg 1024w, https:\/\/artefrio.com.ve\/wp-content\/uploads\/2024\/08\/Cuarto-frio-768x512.jpeg 768w, https:\/\/artefrio.com.ve\/wp-content\/uploads\/2024\/08\/Cuarto-frio-1536x1024.jpeg 1536w, https:\/\/artefrio.com.ve\/wp-content\/uploads\/2024\/08\/Cuarto-frio-2048x1365.jpeg 2048w\" sizes=\"auto, (max-width: 2560px) 100vw, 2560px\" \/><\/figure>\n<\/div>\n\n\n\n<div class=\"wp-block-column is-vertically-aligned-center is-layout-flow wp-block-column-is-layout-flow\" style=\"flex-basis:40%\">\n<h3 class=\"wp-block-heading\"><strong>Cuartos Fr\u00edos<\/strong><\/h3>\n\n\n\n<p>Espacios dise\u00f1ados para la <strong>conservaci\u00f3n y almacenamiento<\/strong> de productos perecederos.<\/p>\n\n\n\n<div class=\"wp-block-buttons is-layout-flex wp-block-buttons-is-layout-flex\">\n<div class=\"wp-block-button\"><a class=\"wp-block-button__link wp-element-button\" href=\"https:\/\/artefrio.com.ve\/index.php\/cuartos-frios\/\">M\u00c1S INFORMACI\u00d3N<\/a><\/div>\n<\/div>\n<\/div>\n<\/div>\n<\/div>\n\n\n\n<div class=\"wp-block-group alignfull has-global-padding is-layout-constrained wp-container-core-group-is-layout-d89aad35 wp-block-group-is-layout-constrained\" style=\"margin-top:0;margin-bottom:0;padding-top:var(--wp--preset--spacing--50);padding-right:var(--wp--preset--spacing--50);padding-bottom:var(--wp--preset--spacing--50);padding-left:var(--wp--preset--spacing--50)\">\n<div class=\"wp-block-columns alignwide is-layout-flex wp-container-core-columns-is-layout-1da03c2a wp-block-columns-is-layout-flex\">\n<div class=\"wp-block-column is-vertically-aligned-center is-layout-flow wp-block-column-is-layout-flow\" style=\"flex-basis:60%\">\n<figure class=\"wp-block-image size-full is-style-rounded wp-duotone-unset-4 is-style-rounded--3\"><img loading=\"lazy\" decoding=\"async\" width=\"953\" height=\"750\" src=\"https:\/\/artefrio.com.ve\/wp-content\/uploads\/2024\/08\/Rack_01.jpg\" alt=\"Servicios de Artefrio C.A.\" class=\"wp-image-127\" style=\"aspect-ratio:4\/3;object-fit:cover\" srcset=\"https:\/\/artefrio.com.ve\/wp-content\/uploads\/2024\/08\/Rack_01.jpg 953w, https:\/\/artefrio.com.ve\/wp-content\/uploads\/2024\/08\/Rack_01-300x236.jpg 300w, https:\/\/artefrio.com.ve\/wp-content\/uploads\/2024\/08\/Rack_01-768x604.jpg 768w\" sizes=\"auto, (max-width: 953px) 100vw, 953px\" \/><\/figure>\n<\/div>\n\n\n\n<div class=\"wp-block-column is-vertically-aligned-center is-layout-flow wp-block-column-is-layout-flow\" style=\"flex-basis:40%\">\n<h3 class=\"wp-block-heading\"><strong><strong>Aplicaciones Industriales<\/strong><\/strong><\/h3>\n\n\n\n<p>Sistemas de refrigeraci\u00f3n a gran escala para <strong>procesos productivos<\/strong>.<\/p>\n\n\n\n<div class=\"wp-block-buttons is-layout-flex wp-block-buttons-is-layout-flex\">\n<div class=\"wp-block-button\"><a class=\"wp-block-button__link wp-element-button\" href=\"https:\/\/artefrio.com.ve\/index.php\/aplicaciones-industriales\/\">M\u00c1S INFORMACI\u00d3N<\/a><\/div>\n<\/div>\n<\/div>\n<\/div>\n<\/div>\n\n\n\n<div class=\"wp-block-group alignfull has-global-padding is-layout-constrained wp-container-core-group-is-layout-d89aad35 wp-block-group-is-layout-constrained\" style=\"margin-top:0;margin-bottom:0;padding-top:var(--wp--preset--spacing--50);padding-right:var(--wp--preset--spacing--50);padding-bottom:var(--wp--preset--spacing--50);padding-left:var(--wp--preset--spacing--50)\">\n<div class=\"wp-block-columns alignwide is-layout-flex wp-container-core-columns-is-layout-1da03c2a wp-block-columns-is-layout-flex\">\n<div class=\"wp-block-column is-vertically-aligned-center is-layout-flow wp-block-column-is-layout-flow\" style=\"flex-basis:60%\">\n<figure class=\"wp-block-image size-full is-style-rounded wp-duotone-unset-6 is-style-rounded--5\"><img loading=\"lazy\" decoding=\"async\" width=\"1540\" height=\"1154\" src=\"https:\/\/artefrio.com.ve\/wp-content\/uploads\/2025\/04\/IMG_20250207_133623.jpg\" alt=\"\" class=\"wp-image-259\" style=\"aspect-ratio:4\/3;object-fit:cover\" srcset=\"https:\/\/artefrio.com.ve\/wp-content\/uploads\/2025\/04\/IMG_20250207_133623.jpg 1540w, https:\/\/artefrio.com.ve\/wp-content\/uploads\/2025\/04\/IMG_20250207_133623-300x225.jpg 300w, https:\/\/artefrio.com.ve\/wp-content\/uploads\/2025\/04\/IMG_20250207_133623-1024x767.jpg 1024w, https:\/\/artefrio.com.ve\/wp-content\/uploads\/2025\/04\/IMG_20250207_133623-768x576.jpg 768w, https:\/\/artefrio.com.ve\/wp-content\/uploads\/2025\/04\/IMG_20250207_133623-1536x1151.jpg 1536w\" sizes=\"auto, (max-width: 1540px) 100vw, 1540px\" \/><\/figure>\n<\/div>\n\n\n\n<div class=\"wp-block-column is-vertically-aligned-center is-layout-flow wp-block-column-is-layout-flow\" style=\"flex-basis:40%\">\n<h3 class=\"wp-block-heading\"><strong><strong><strong>Exhibici\u00f3n Refrigerada<\/strong><\/strong><\/strong><\/h3>\n\n\n\n<p>Neveras, vitrinas y murales para exhibir tus productos con <strong>m\u00e1xima frescura y atractivo visual<\/strong>.<\/p>\n\n\n\n<div class=\"wp-block-buttons is-layout-flex wp-block-buttons-is-layout-flex\">\n<div class=\"wp-block-button\"><a class=\"wp-block-button__link wp-element-button\" href=\"https:\/\/artefrio.com.ve\/index.php\/exhibicion-refrigerada\/\">M\u00c1S INFORMACI\u00d3N<\/a><\/div>\n<\/div>\n<\/div>\n<\/div>\n<\/div>\n\n\n\n<div class=\"wp-block-group alignfull has-global-padding is-layout-constrained wp-container-core-group-is-layout-d89aad35 wp-block-group-is-layout-constrained\" style=\"margin-top:0;margin-bottom:0;padding-top:var(--wp--preset--spacing--50);padding-right:var(--wp--preset--spacing--50);padding-bottom:var(--wp--preset--spacing--50);padding-left:var(--wp--preset--spacing--50)\">\n<div class=\"wp-block-columns alignwide is-layout-flex wp-container-core-columns-is-layout-1da03c2a wp-block-columns-is-layout-flex\">\n<div class=\"wp-block-column is-vertically-aligned-center is-layout-flow wp-block-column-is-layout-flow\" style=\"flex-basis:60%\">\n<figure class=\"wp-block-image size-full is-style-rounded is-style-rounded--7\"><img loading=\"lazy\" decoding=\"async\" width=\"1080\" height=\"810\" src=\"https:\/\/artefrio.com.ve\/wp-content\/uploads\/2025\/04\/AA2.jpg\" alt=\"\" class=\"wp-image-269\" style=\"aspect-ratio:4\/3;object-fit:cover\" srcset=\"https:\/\/artefrio.com.ve\/wp-content\/uploads\/2025\/04\/AA2.jpg 1080w, https:\/\/artefrio.com.ve\/wp-content\/uploads\/2025\/04\/AA2-300x225.jpg 300w, https:\/\/artefrio.com.ve\/wp-content\/uploads\/2025\/04\/AA2-1024x768.jpg 1024w, https:\/\/artefrio.com.ve\/wp-content\/uploads\/2025\/04\/AA2-768x576.jpg 768w\" sizes=\"auto, (max-width: 1080px) 100vw, 1080px\" \/><\/figure>\n<\/div>\n\n\n\n<div class=\"wp-block-column is-vertically-aligned-center is-layout-flow wp-block-column-is-layout-flow\" style=\"flex-basis:40%\">\n<h3 class=\"wp-block-heading\"><strong><strong><strong><strong>Aire Acondicionado<\/strong><\/strong><\/strong><\/strong><\/h3>\n\n\n\n<p>Climatizaci\u00f3n eficiente para <strong>ambientes confortables y saludables<\/strong>.<\/p>\n\n\n\n<div class=\"wp-block-buttons is-layout-flex wp-block-buttons-is-layout-flex\">\n<div class=\"wp-block-button\"><a class=\"wp-block-button__link wp-element-button\" href=\"https:\/\/artefrio.com.ve\/index.php\/aire-acondicionado\/\">M\u00c1S INFORMACI\u00d3N<\/a><\/div>\n<\/div>\n<\/div>\n<\/div>\n<\/div>\n\n\n\n<div class=\"wp-block-group alignfull has-global-padding is-layout-constrained wp-container-core-group-is-layout-d89aad35 wp-block-group-is-layout-constrained\" style=\"margin-top:0;margin-bottom:0;padding-top:var(--wp--preset--spacing--50);padding-right:var(--wp--preset--spacing--50);padding-bottom:var(--wp--preset--spacing--50);padding-left:var(--wp--preset--spacing--50)\">\n<div class=\"wp-block-columns alignwide is-layout-flex wp-container-core-columns-is-layout-1da03c2a wp-block-columns-is-layout-flex\">\n<div class=\"wp-block-column is-vertically-aligned-center is-layout-flow wp-block-column-is-layout-flow\" style=\"flex-basis:60%\">\n<figure class=\"wp-block-image size-full is-style-rounded wp-duotone-unset-9 is-style-rounded--8\"><img loading=\"lazy\" decoding=\"async\" width=\"1333\" height=\"2000\" src=\"https:\/\/artefrio.com.ve\/wp-content\/uploads\/2025\/04\/90625.jpg\" alt=\"\" class=\"wp-image-295\" style=\"aspect-ratio:4\/3;object-fit:cover\" srcset=\"https:\/\/artefrio.com.ve\/wp-content\/uploads\/2025\/04\/90625.jpg 1333w, https:\/\/artefrio.com.ve\/wp-content\/uploads\/2025\/04\/90625-200x300.jpg 200w, https:\/\/artefrio.com.ve\/wp-content\/uploads\/2025\/04\/90625-682x1024.jpg 682w, https:\/\/artefrio.com.ve\/wp-content\/uploads\/2025\/04\/90625-768x1152.jpg 768w, https:\/\/artefrio.com.ve\/wp-content\/uploads\/2025\/04\/90625-1024x1536.jpg 1024w\" sizes=\"auto, (max-width: 1333px) 100vw, 1333px\" \/><\/figure>\n<\/div>\n\n\n\n<div class=\"wp-block-column is-vertically-aligned-center is-layout-flow wp-block-column-is-layout-flow\" style=\"flex-basis:40%\">\n<h3 class=\"wp-block-heading\"><strong><strong><strong><strong><strong>Mantenimiento Preventivo y Correctivo<\/strong><\/strong><\/strong><\/strong><\/strong><\/h3>\n\n\n\n<p>Servicios t\u00e9cnicos especializados para <strong>m\u00e1ximo rendimiento y vida \u00fatil<\/strong>.<\/p>\n\n\n\n<div class=\"wp-block-buttons is-layout-flex wp-block-buttons-is-layout-flex\">\n<div class=\"wp-block-button\"><a class=\"wp-block-button__link wp-element-button\" href=\"https:\/\/artefrio.com.ve\/index.php\/contacto\/\">M\u00c1S INFORMACI\u00d3N<\/a><\/div>\n<\/div>\n<\/div>\n<\/div>\n<\/div>\n<\/div>\n\n\n\n<div class=\"wp-block-group alignfull has-global-padding is-layout-constrained wp-container-core-group-is-layout-d89aad35 wp-block-group-is-layout-constrained\" style=\"margin-top:0;margin-bottom:0;padding-top:var(--wp--preset--spacing--50);padding-right:var(--wp--preset--spacing--50);padding-bottom:var(--wp--preset--spacing--50);padding-left:var(--wp--preset--spacing--50)\">\n<h2 class=\"wp-block-heading alignwide has-text-align-center\"><strong>Estamos listos para hacer tu proyecto realidad<\/strong><\/h2>\n\n\n\n<div class=\"wp-block-buttons is-content-justification-center is-layout-flex wp-container-core-buttons-is-layout-a89b3969 wp-block-buttons-is-layout-flex\">\n<div class=\"wp-block-button\"><a class=\"wp-block-button__link has-text-align-center wp-element-button\" href=\"https:\/\/artefrio.com.ve\/index.php\/contacto\/\">CONT\u00c1CTANOS<\/a><\/div>\n<\/div>\n<\/div>\n\n\n\n<p><\/p>\n","protected":false},"excerpt":{"rendered":"<p>Nuestras Soluciones Cuartos Fr\u00edos Espacios dise\u00f1ados para la conservaci\u00f3n y almacenamiento de productos perecederos. Aplicaciones Industriales Sistemas de refrigeraci\u00f3n a gran escala para procesos productivos. Exhibici\u00f3n Refrigerada Neveras, vitrinas y murales para exhibir tus productos con m\u00e1xima frescura y atractivo visual. Aire Acondicionado Climatizaci\u00f3n eficiente para ambientes confortables y saludables. Mantenimiento Preventivo y Correctivo Servicios [&hellip;]<\/p>\n","protected":false},"author":1,"featured_media":126,"parent":0,"menu_order":3,"comment_status":"closed","ping_status":"closed","template":"page-no-title","meta":{"footnotes":""},"class_list":["post-11","page","type-page","status-publish","has-post-thumbnail","hentry"],"yoast_head":"<!-- This site is optimized with the Yoast SEO plugin v27.6 - https:\/\/yoast.com\/product\/yoast-seo-wordpress\/ -->\n<title>Servicios - Artefrio C.A.<\/title>\n<meta name=\"description\" content=\"Cuartos fr\u00edos, aplicaciones industriales como racks y unidades condensadoras, y exhibiciones refrigeradas para supermercados y afines.\" \/>\n<meta name=\"robots\" content=\"index, follow, max-snippet:-1, max-image-preview:large, max-video-preview:-1\" \/>\n<link rel=\"canonical\" href=\"https:\/\/artefrio.com.ve\/index.php\/servicios\/\" \/>\n<meta property=\"og:locale\" content=\"es_ES\" \/>\n<meta property=\"og:type\" content=\"article\" \/>\n<meta property=\"og:title\" content=\"Servicios - Artefrio C.A.\" \/>\n<meta property=\"og:description\" content=\"Cuartos fr\u00edos, aplicaciones industriales como racks y unidades condensadoras, y exhibiciones refrigeradas para supermercados y afines.\" \/>\n<meta property=\"og:url\" content=\"https:\/\/artefrio.com.ve\/index.php\/servicios\/\" \/>\n<meta property=\"og:site_name\" content=\"Artefrio C.A.\" \/>\n<meta property=\"article:modified_time\" content=\"2025-04-02T13:18:03+00:00\" \/>\n<meta property=\"og:image\" content=\"https:\/\/artefrio.com.ve\/wp-content\/uploads\/2024\/08\/Cuarto-frio-scaled.jpeg\" \/>\n\t<meta property=\"og:image:width\" content=\"2560\" \/>\n\t<meta property=\"og:image:height\" content=\"1707\" \/>\n\t<meta property=\"og:image:type\" content=\"image\/jpeg\" \/>\n<meta name=\"twitter:card\" content=\"summary_large_image\" \/>\n<meta name=\"twitter:label1\" content=\"Tiempo de lectura\" \/>\n\t<meta name=\"twitter:data1\" content=\"2 minutos\" \/>\n<script type=\"application\/ld+json\" class=\"yoast-schema-graph\">{\"@context\":\"https:\\\/\\\/schema.org\",\"@graph\":[{\"@type\":\"WebPage\",\"@id\":\"https:\\\/\\\/artefrio.com.ve\\\/index.php\\\/servicios\\\/\",\"url\":\"https:\\\/\\\/artefrio.com.ve\\\/index.php\\\/servicios\\\/\",\"name\":\"Servicios - Artefrio C.A.\",\"isPartOf\":{\"@id\":\"https:\\\/\\\/artefrio.com.ve\\\/#website\"},\"primaryImageOfPage\":{\"@id\":\"https:\\\/\\\/artefrio.com.ve\\\/index.php\\\/servicios\\\/#primaryimage\"},\"image\":{\"@id\":\"https:\\\/\\\/artefrio.com.ve\\\/index.php\\\/servicios\\\/#primaryimage\"},\"thumbnailUrl\":\"https:\\\/\\\/artefrio.com.ve\\\/wp-content\\\/uploads\\\/2024\\\/08\\\/Cuarto-frio-scaled.jpeg\",\"datePublished\":\"2024-08-01T14:35:39+00:00\",\"dateModified\":\"2025-04-02T13:18:03+00:00\",\"description\":\"Cuartos fr\u00edos, aplicaciones industriales como racks y unidades condensadoras, y exhibiciones refrigeradas para supermercados y afines.\",\"breadcrumb\":{\"@id\":\"https:\\\/\\\/artefrio.com.ve\\\/index.php\\\/servicios\\\/#breadcrumb\"},\"inLanguage\":\"es\",\"potentialAction\":[{\"@type\":\"ReadAction\",\"target\":[\"https:\\\/\\\/artefrio.com.ve\\\/index.php\\\/servicios\\\/\"]}]},{\"@type\":\"ImageObject\",\"inLanguage\":\"es\",\"@id\":\"https:\\\/\\\/artefrio.com.ve\\\/index.php\\\/servicios\\\/#primaryimage\",\"url\":\"https:\\\/\\\/artefrio.com.ve\\\/wp-content\\\/uploads\\\/2024\\\/08\\\/Cuarto-frio-scaled.jpeg\",\"contentUrl\":\"https:\\\/\\\/artefrio.com.ve\\\/wp-content\\\/uploads\\\/2024\\\/08\\\/Cuarto-frio-scaled.jpeg\",\"width\":2560,\"height\":1707,\"caption\":\"Cuartos Fr\u00edos\"},{\"@type\":\"BreadcrumbList\",\"@id\":\"https:\\\/\\\/artefrio.com.ve\\\/index.php\\\/servicios\\\/#breadcrumb\",\"itemListElement\":[{\"@type\":\"ListItem\",\"position\":1,\"name\":\"Portada\",\"item\":\"https:\\\/\\\/artefrio.com.ve\\\/\"},{\"@type\":\"ListItem\",\"position\":2,\"name\":\"Servicios\"}]},{\"@type\":\"WebSite\",\"@id\":\"https:\\\/\\\/artefrio.com.ve\\\/#website\",\"url\":\"https:\\\/\\\/artefrio.com.ve\\\/\",\"name\":\"Artefrio C.A.\",\"description\":\"Refrigeraci\u00f3n Comercial e Industrial\",\"publisher\":{\"@id\":\"https:\\\/\\\/artefrio.com.ve\\\/#organization\"},\"potentialAction\":[{\"@type\":\"SearchAction\",\"target\":{\"@type\":\"EntryPoint\",\"urlTemplate\":\"https:\\\/\\\/artefrio.com.ve\\\/?s={search_term_string}\"},\"query-input\":{\"@type\":\"PropertyValueSpecification\",\"valueRequired\":true,\"valueName\":\"search_term_string\"}}],\"inLanguage\":\"es\"},{\"@type\":\"Organization\",\"@id\":\"https:\\\/\\\/artefrio.com.ve\\\/#organization\",\"name\":\"Artefrio C.A.\",\"url\":\"https:\\\/\\\/artefrio.com.ve\\\/\",\"logo\":{\"@type\":\"ImageObject\",\"inLanguage\":\"es\",\"@id\":\"https:\\\/\\\/artefrio.com.ve\\\/#\\\/schema\\\/logo\\\/image\\\/\",\"url\":\"https:\\\/\\\/artefrio.com.ve\\\/wp-content\\\/uploads\\\/2024\\\/07\\\/Logo-Artefrio-01.png\",\"contentUrl\":\"https:\\\/\\\/artefrio.com.ve\\\/wp-content\\\/uploads\\\/2024\\\/07\\\/Logo-Artefrio-01.png\",\"width\":2084,\"height\":686,\"caption\":\"Artefrio C.A.\"},\"image\":{\"@id\":\"https:\\\/\\\/artefrio.com.ve\\\/#\\\/schema\\\/logo\\\/image\\\/\"},\"sameAs\":[\"https:\\\/\\\/www.instagram.com\\\/artefrio.ca\\\/\"]}]}<\/script>\n<!-- \/ Yoast SEO plugin. -->","yoast_head_json":{"title":"Servicios - Artefrio C.A.","description":"Cuartos fr\u00edos, aplicaciones industriales como racks y unidades condensadoras, y exhibiciones refrigeradas para supermercados y afines.","robots":{"index":"index","follow":"follow","max-snippet":"max-snippet:-1","max-image-preview":"max-image-preview:large","max-video-preview":"max-video-preview:-1"},"canonical":"https:\/\/artefrio.com.ve\/index.php\/servicios\/","og_locale":"es_ES","og_type":"article","og_title":"Servicios - Artefrio C.A.","og_description":"Cuartos fr\u00edos, aplicaciones industriales como racks y unidades condensadoras, y exhibiciones refrigeradas para supermercados y afines.","og_url":"https:\/\/artefrio.com.ve\/index.php\/servicios\/","og_site_name":"Artefrio C.A.","article_modified_time":"2025-04-02T13:18:03+00:00","og_image":[{"width":2560,"height":1707,"url":"https:\/\/artefrio.com.ve\/wp-content\/uploads\/2024\/08\/Cuarto-frio-scaled.jpeg","type":"image\/jpeg"}],"twitter_card":"summary_large_image","twitter_misc":{"Tiempo de lectura":"2 minutos"},"schema":{"@context":"https:\/\/schema.org","@graph":[{"@type":"WebPage","@id":"https:\/\/artefrio.com.ve\/index.php\/servicios\/","url":"https:\/\/artefrio.com.ve\/index.php\/servicios\/","name":"Servicios - Artefrio C.A.","isPartOf":{"@id":"https:\/\/artefrio.com.ve\/#website"},"primaryImageOfPage":{"@id":"https:\/\/artefrio.com.ve\/index.php\/servicios\/#primaryimage"},"image":{"@id":"https:\/\/artefrio.com.ve\/index.php\/servicios\/#primaryimage"},"thumbnailUrl":"https:\/\/artefrio.com.ve\/wp-content\/uploads\/2024\/08\/Cuarto-frio-scaled.jpeg","datePublished":"2024-08-01T14:35:39+00:00","dateModified":"2025-04-02T13:18:03+00:00","description":"Cuartos fr\u00edos, aplicaciones industriales como racks y unidades condensadoras, y exhibiciones refrigeradas para supermercados y afines.","breadcrumb":{"@id":"https:\/\/artefrio.com.ve\/index.php\/servicios\/#breadcrumb"},"inLanguage":"es","potentialAction":[{"@type":"ReadAction","target":["https:\/\/artefrio.com.ve\/index.php\/servicios\/"]}]},{"@type":"ImageObject","inLanguage":"es","@id":"https:\/\/artefrio.com.ve\/index.php\/servicios\/#primaryimage","url":"https:\/\/artefrio.com.ve\/wp-content\/uploads\/2024\/08\/Cuarto-frio-scaled.jpeg","contentUrl":"https:\/\/artefrio.com.ve\/wp-content\/uploads\/2024\/08\/Cuarto-frio-scaled.jpeg","width":2560,"height":1707,"caption":"Cuartos Fr\u00edos"},{"@type":"BreadcrumbList","@id":"https:\/\/artefrio.com.ve\/index.php\/servicios\/#breadcrumb","itemListElement":[{"@type":"ListItem","position":1,"name":"Portada","item":"https:\/\/artefrio.com.ve\/"},{"@type":"ListItem","position":2,"name":"Servicios"}]},{"@type":"WebSite","@id":"https:\/\/artefrio.com.ve\/#website","url":"https:\/\/artefrio.com.ve\/","name":"Artefrio C.A.","description":"Refrigeraci\u00f3n Comercial e Industrial","publisher":{"@id":"https:\/\/artefrio.com.ve\/#organization"},"potentialAction":[{"@type":"SearchAction","target":{"@type":"EntryPoint","urlTemplate":"https:\/\/artefrio.com.ve\/?s={search_term_string}"},"query-input":{"@type":"PropertyValueSpecification","valueRequired":true,"valueName":"search_term_string"}}],"inLanguage":"es"},{"@type":"Organization","@id":"https:\/\/artefrio.com.ve\/#organization","name":"Artefrio C.A.","url":"https:\/\/artefrio.com.ve\/","logo":{"@type":"ImageObject","inLanguage":"es","@id":"https:\/\/artefrio.com.ve\/#\/schema\/logo\/image\/","url":"https:\/\/artefrio.com.ve\/wp-content\/uploads\/2024\/07\/Logo-Artefrio-01.png","contentUrl":"https:\/\/artefrio.com.ve\/wp-content\/uploads\/2024\/07\/Logo-Artefrio-01.png","width":2084,"height":686,"caption":"Artefrio C.A."},"image":{"@id":"https:\/\/artefrio.com.ve\/#\/schema\/logo\/image\/"},"sameAs":["https:\/\/www.instagram.com\/artefrio.ca\/"]}]}},"_links":{"self":[{"href":"https:\/\/artefrio.com.ve\/index.php\/wp-json\/wp\/v2\/pages\/11","targetHints":{"allow":["GET"]}}],"collection":[{"href":"https:\/\/artefrio.com.ve\/index.php\/wp-json\/wp\/v2\/pages"}],"about":[{"href":"https:\/\/artefrio.com.ve\/index.php\/wp-json\/wp\/v2\/types\/page"}],"author":[{"embeddable":true,"href":"https:\/\/artefrio.com.ve\/index.php\/wp-json\/wp\/v2\/users\/1"}],"replies":[{"embeddable":true,"href":"https:\/\/artefrio.com.ve\/index.php\/wp-json\/wp\/v2\/comments?post=11"}],"version-history":[{"count":17,"href":"https:\/\/artefrio.com.ve\/index.php\/wp-json\/wp\/v2\/pages\/11\/revisions"}],"predecessor-version":[{"id":333,"href":"https:\/\/artefrio.com.ve\/index.php\/wp-json\/wp\/v2\/pages\/11\/revisions\/333"}],"wp:featuredmedia":[{"embeddable":true,"href":"https:\/\/artefrio.com.ve\/index.php\/wp-json\/wp\/v2\/media\/126"}],"wp:attachment":[{"href":"https:\/\/artefrio.com.ve\/index.php\/wp-json\/wp\/v2\/media?parent=11"}],"curies":[{"name":"wp","href":"https:\/\/api.w.org\/{rel}","templated":true}]}}