{"id":237,"date":"2025-04-01T13:44:54","date_gmt":"2025-04-01T17:44:54","guid":{"rendered":"https:\/\/artefrio.com.ve\/?page_id=237"},"modified":"2025-04-02T09:17:04","modified_gmt":"2025-04-02T13:17:04","slug":"cuartos-frios","status":"publish","type":"page","link":"https:\/\/artefrio.com.ve\/index.php\/cuartos-frios\/","title":{"rendered":"Cuartos Fr\u00edos"},"content":{"rendered":"\n<div class=\"wp-block-group alignfull has-global-padding is-layout-constrained wp-container-core-group-is-layout-669513ed wp-block-group-is-layout-constrained\" style=\"margin-top:0;margin-bottom:0;padding-top:var(--wp--preset--spacing--50);padding-right:var(--wp--preset--spacing--50);padding-bottom:var(--wp--preset--spacing--50);padding-left:var(--wp--preset--spacing--50)\">\n<div class=\"wp-block-columns alignwide is-layout-flex wp-container-core-columns-is-layout-28f84493 wp-block-columns-is-layout-flex\">\n<div class=\"wp-block-column is-layout-flow wp-block-column-is-layout-flow\" style=\"flex-basis:40%\">\n<p class=\"wp-container-content-0733e5d0\"><strong>Soluciones Eficientes para la Conservaci\u00f3n de Productos.<\/strong><\/p>\n<\/div>\n\n\n\n<div class=\"wp-block-column is-layout-flow wp-block-column-is-layout-flow\" style=\"flex-basis:60%\">\n<p class=\"has-heading-font-family has-x-large-font-size\" style=\"line-height:1.2\">Los <strong>cuartos fr\u00edos<\/strong> son espacios dise\u00f1ados para <strong>almacenar y conservar productos a temperaturas controladas<\/strong>, asegurando su frescura y calidad.<\/p>\n<\/div>\n<\/div>\n\n\n\n<div style=\"height:var(--wp--preset--spacing--40)\" aria-hidden=\"true\" class=\"wp-block-spacer\"><\/div>\n\n\n\n<figure class=\"wp-block-image alignwide size-large is-style-rounded is-style-rounded--1\"><img loading=\"lazy\" decoding=\"async\" width=\"1024\" height=\"683\" src=\"https:\/\/artefrio.com.ve\/wp-content\/uploads\/2024\/08\/Cuarto-frio-1024x683.jpeg\" alt=\"Servicios de Artefrio C.A.\" class=\"wp-image-126\" srcset=\"https:\/\/artefrio.com.ve\/wp-content\/uploads\/2024\/08\/Cuarto-frio-1024x683.jpeg 1024w, https:\/\/artefrio.com.ve\/wp-content\/uploads\/2024\/08\/Cuarto-frio-300x200.jpeg 300w, https:\/\/artefrio.com.ve\/wp-content\/uploads\/2024\/08\/Cuarto-frio-768x512.jpeg 768w, https:\/\/artefrio.com.ve\/wp-content\/uploads\/2024\/08\/Cuarto-frio-1536x1024.jpeg 1536w, https:\/\/artefrio.com.ve\/wp-content\/uploads\/2024\/08\/Cuarto-frio-2048x1365.jpeg 2048w\" sizes=\"auto, (max-width: 1024px) 100vw, 1024px\" \/><\/figure>\n<\/div>\n\n\n\n<div class=\"wp-block-group alignfull has-background has-global-padding is-layout-constrained wp-container-core-group-is-layout-301020a0 wp-block-group-is-layout-constrained\" style=\"background-color:#ebebeb;padding-top:var(--wp--preset--spacing--50);padding-right:var(--wp--preset--spacing--50);padding-bottom:var(--wp--preset--spacing--50);padding-left:var(--wp--preset--spacing--50)\">\n<div class=\"wp-block-columns alignwide is-layout-flex wp-container-core-columns-is-layout-08c01c1c wp-block-columns-is-layout-flex\">\n<div class=\"wp-block-column is-layout-flow wp-block-column-is-layout-flow\" style=\"flex-basis:33%\">\n<p class=\"has-heading-font-family has-large-font-size\" style=\"line-height:1.2\"><strong>Beneficios de Nuestros Cuartos Fr\u00edos<\/strong><\/p>\n<\/div>\n\n\n\n<div class=\"wp-block-column is-layout-flow wp-container-core-column-is-layout-119bc444 wp-block-column-is-layout-flow\">\n<div class=\"wp-block-group is-layout-grid wp-container-core-group-is-layout-b694d6cf wp-block-group-is-layout-grid\">\n<div class=\"wp-block-group is-vertical is-content-justification-left is-nowrap is-layout-flex wp-container-core-group-is-layout-970da055 wp-block-group-is-layout-flex\">\n<p style=\"font-style:normal;font-weight:500\"><strong>Alta eficiencia energ\u00e9tica<\/strong><\/p>\n\n\n\n<p>Equipos dise\u00f1ados para minimizar el consumo el\u00e9ctrico.<\/p>\n<\/div>\n\n\n\n<div class=\"wp-block-group is-vertical is-nowrap is-layout-flex wp-container-core-group-is-layout-3655d5c7 wp-block-group-is-layout-flex\">\n<p style=\"font-style:normal;font-weight:500\"><strong>Control preciso de temperatura<\/strong><\/p>\n\n\n\n<p>Sistemas avanzados para garantizar la conservaci\u00f3n \u00f3ptima.<\/p>\n<\/div>\n<\/div>\n\n\n\n<div class=\"wp-block-group is-layout-grid wp-container-core-group-is-layout-b694d6cf wp-block-group-is-layout-grid\">\n<div class=\"wp-block-group is-vertical is-nowrap is-layout-flex wp-container-core-group-is-layout-3655d5c7 wp-block-group-is-layout-flex\">\n<p style=\"font-style:normal;font-weight:500\"><strong>Durabilidad y resistencia<\/strong><\/p>\n\n\n\n<p>Materiales de alta calidad que aseguran un funcionamiento prolongado.<\/p>\n<\/div>\n\n\n\n<div class=\"wp-block-group is-vertical is-nowrap is-layout-flex wp-container-core-group-is-layout-3655d5c7 wp-block-group-is-layout-flex\">\n<p style=\"font-style:normal;font-weight:500\"><strong>Adaptabilidad<\/strong><\/p>\n\n\n\n<p>Dise\u00f1ados a medida para distintos sectores industriales y comerciales.<\/p>\n<\/div>\n<\/div>\n<\/div>\n<\/div>\n<\/div>\n\n\n\n<div style=\"height:120px\" aria-hidden=\"true\" class=\"wp-block-spacer\"><\/div>\n\n\n\n<figure class=\"wp-block-gallery alignwide has-nested-images columns-6 is-cropped wp-block-gallery-8 is-layout-flex wp-block-gallery-is-layout-flex\">\n<figure class=\"wp-block-image size-medium is-style-rounded is-style-rounded--2\"><img loading=\"lazy\" decoding=\"async\" width=\"225\" height=\"300\" data-id=\"137\" src=\"https:\/\/artefrio.com.ve\/wp-content\/uploads\/2024\/08\/Puerta-Cuarto-Frio_01-225x300.jpg\" alt=\"Servicios de Artefrio C.A.\" class=\"wp-image-137\" srcset=\"https:\/\/artefrio.com.ve\/wp-content\/uploads\/2024\/08\/Puerta-Cuarto-Frio_01-225x300.jpg 225w, https:\/\/artefrio.com.ve\/wp-content\/uploads\/2024\/08\/Puerta-Cuarto-Frio_01.jpg 735w\" sizes=\"auto, (max-width: 225px) 100vw, 225px\" \/><\/figure>\n\n\n\n<figure class=\"wp-block-image size-large is-style-rounded is-style-rounded--3\"><img loading=\"lazy\" decoding=\"async\" width=\"1024\" height=\"768\" data-id=\"131\" src=\"https:\/\/artefrio.com.ve\/wp-content\/uploads\/2024\/08\/Cuarto-Frio_02-1024x768.jpg\" alt=\"Servicios de Artefrio C.A.\" class=\"wp-image-131\" srcset=\"https:\/\/artefrio.com.ve\/wp-content\/uploads\/2024\/08\/Cuarto-Frio_02-1024x768.jpg 1024w, https:\/\/artefrio.com.ve\/wp-content\/uploads\/2024\/08\/Cuarto-Frio_02-300x225.jpg 300w, https:\/\/artefrio.com.ve\/wp-content\/uploads\/2024\/08\/Cuarto-Frio_02-768x576.jpg 768w, https:\/\/artefrio.com.ve\/wp-content\/uploads\/2024\/08\/Cuarto-Frio_02.jpg 1080w\" sizes=\"auto, (max-width: 1024px) 100vw, 1024px\" \/><\/figure>\n\n\n\n<figure class=\"wp-block-image size-large is-style-rounded is-style-rounded--4\"><img loading=\"lazy\" decoding=\"async\" width=\"1024\" height=\"768\" data-id=\"134\" src=\"https:\/\/artefrio.com.ve\/wp-content\/uploads\/2024\/08\/Cuarto-Frio_04-1024x768.jpg\" alt=\"Servicios de Artefrio C.A.\" class=\"wp-image-134\" srcset=\"https:\/\/artefrio.com.ve\/wp-content\/uploads\/2024\/08\/Cuarto-Frio_04-1024x768.jpg 1024w, https:\/\/artefrio.com.ve\/wp-content\/uploads\/2024\/08\/Cuarto-Frio_04-300x225.jpg 300w, https:\/\/artefrio.com.ve\/wp-content\/uploads\/2024\/08\/Cuarto-Frio_04-768x576.jpg 768w, https:\/\/artefrio.com.ve\/wp-content\/uploads\/2024\/08\/Cuarto-Frio_04.jpg 1080w\" sizes=\"auto, (max-width: 1024px) 100vw, 1024px\" \/><\/figure>\n\n\n\n<figure class=\"wp-block-image size-medium is-style-rounded is-style-rounded--5\"><img loading=\"lazy\" decoding=\"async\" width=\"243\" height=\"300\" data-id=\"139\" src=\"https:\/\/artefrio.com.ve\/wp-content\/uploads\/2024\/08\/Puerta-Cuarto-Frio_03-243x300.jpg\" alt=\"Servicios de Artefrio C.A.\" class=\"wp-image-139\" srcset=\"https:\/\/artefrio.com.ve\/wp-content\/uploads\/2024\/08\/Puerta-Cuarto-Frio_03-243x300.jpg 243w, https:\/\/artefrio.com.ve\/wp-content\/uploads\/2024\/08\/Puerta-Cuarto-Frio_03-768x948.jpg 768w, https:\/\/artefrio.com.ve\/wp-content\/uploads\/2024\/08\/Puerta-Cuarto-Frio_03.jpg 800w\" sizes=\"auto, (max-width: 243px) 100vw, 243px\" \/><\/figure>\n\n\n\n<figure class=\"wp-block-image size-large is-style-rounded is-style-rounded--6\"><img loading=\"lazy\" decoding=\"async\" width=\"768\" height=\"1024\" data-id=\"136\" src=\"https:\/\/artefrio.com.ve\/wp-content\/uploads\/2024\/08\/Cuarto-Frio_06-768x1024.jpg\" alt=\"Servicios de Artefrio C.A.\" class=\"wp-image-136\" srcset=\"https:\/\/artefrio.com.ve\/wp-content\/uploads\/2024\/08\/Cuarto-Frio_06-768x1024.jpg 768w, https:\/\/artefrio.com.ve\/wp-content\/uploads\/2024\/08\/Cuarto-Frio_06-225x300.jpg 225w, https:\/\/artefrio.com.ve\/wp-content\/uploads\/2024\/08\/Cuarto-Frio_06.jpg 810w\" sizes=\"auto, (max-width: 768px) 100vw, 768px\" \/><\/figure>\n\n\n\n<figure class=\"wp-block-image size-large is-style-rounded is-style-rounded--7\"><img loading=\"lazy\" decoding=\"async\" width=\"768\" height=\"1024\" data-id=\"138\" src=\"https:\/\/artefrio.com.ve\/wp-content\/uploads\/2024\/08\/Puerta-Cuarto-Frio_02-768x1024.jpg\" alt=\"Servicios de Artefrio C.A.\" class=\"wp-image-138\" srcset=\"https:\/\/artefrio.com.ve\/wp-content\/uploads\/2024\/08\/Puerta-Cuarto-Frio_02-768x1024.jpg 768w, https:\/\/artefrio.com.ve\/wp-content\/uploads\/2024\/08\/Puerta-Cuarto-Frio_02-225x300.jpg 225w, https:\/\/artefrio.com.ve\/wp-content\/uploads\/2024\/08\/Puerta-Cuarto-Frio_02.jpg 810w\" sizes=\"auto, (max-width: 768px) 100vw, 768px\" \/><\/figure>\n<\/figure>\n\n\n\n<div class=\"wp-block-group alignfull has-base-background-color has-background has-global-padding is-layout-constrained wp-container-core-group-is-layout-d89aad35 wp-block-group-is-layout-constrained\" style=\"margin-top:0;margin-bottom:0;padding-top:var(--wp--preset--spacing--50);padding-right:var(--wp--preset--spacing--50);padding-bottom:var(--wp--preset--spacing--50);padding-left:var(--wp--preset--spacing--50)\">\n<div class=\"wp-block-columns alignwide is-layout-flex wp-container-core-columns-is-layout-549b0c86 wp-block-columns-is-layout-flex\">\n<div class=\"wp-block-column has-global-padding is-content-justification-left is-layout-constrained wp-container-core-column-is-layout-4f15e8fe wp-block-column-is-layout-constrained\" style=\"flex-basis:40%\">\n<p>En <strong>Artefrio<\/strong>, ofrecemos <strong>dise\u00f1o, instalaci\u00f3n y mantenimiento<\/strong> de cuartos fr\u00edos.<\/p>\n<\/div>\n\n\n\n<div class=\"wp-block-column is-layout-flow wp-container-core-column-is-layout-119bc444 wp-block-column-is-layout-flow\" style=\"flex-basis:60%\">\n<p class=\"has-heading-font-family has-x-large-font-size\" style=\"line-height:1.2\">Nos adaptamos a las necesidades espec\u00edficas de cada cliente, garantizando <strong>eficiencia energ\u00e9tica, seguridad y durabilidad<\/strong>.<\/p>\n\n\n\n<div class=\"wp-block-columns is-layout-flex wp-container-core-columns-is-layout-87beb0d0 wp-block-columns-is-layout-flex\">\n<div class=\"wp-block-column is-layout-flow wp-block-column-is-layout-flow\">\n<p class=\"wp-container-content-9cfa9a5a\"><strong>Evaporadores<\/strong>: Sistemas de enfriamiento de alto rendimiento que garantizan una distribuci\u00f3n homog\u00e9nea del fr\u00edo.<\/p>\n\n\n\n<p><strong>Paneles para cuartos fr\u00edos<\/strong>: Aislantes t\u00e9rmicos de alta calidad que optimizan el consumo energ\u00e9tico.<\/p>\n\n\n\n<p><strong>Puertas para cuartos fr\u00edos<\/strong>: Dise\u00f1os robustos que minimizan la p\u00e9rdida de temperatura y mejoran la eficiencia del sistema.<\/p>\n<\/div>\n<\/div>\n<\/div>\n<\/div>\n<\/div>\n\n\n\n<div class=\"wp-block-cover alignfull is-light has-parallax\" style=\"padding-top:var(--wp--preset--spacing--50);padding-right:var(--wp--preset--spacing--50);padding-bottom:var(--wp--preset--spacing--50);padding-left:var(--wp--preset--spacing--50);min-height:100vh;aspect-ratio:unset;\"><span aria-hidden=\"true\" class=\"wp-block-cover__background has-base-background-color has-background-dim-0 has-background-dim\"><\/span><div class=\"wp-block-cover__image-background wp-image-239 has-parallax\" style=\"background-position:50% 50%;background-image:url(https:\/\/artefrio.com.ve\/wp-content\/uploads\/2025\/04\/pexels-shvetsa-5953713.jpg)\"><\/div><div class=\"wp-block-cover__inner-container has-global-padding is-layout-constrained wp-container-core-cover-is-layout-e4fd886c wp-block-cover-is-layout-constrained\">\n<div style=\"height:500px\" aria-hidden=\"true\" class=\"wp-block-spacer\"><\/div>\n<\/div><\/div>\n\n\n\n<div class=\"wp-block-group alignfull has-base-background-color has-background has-global-padding is-layout-constrained wp-container-core-group-is-layout-d89aad35 wp-block-group-is-layout-constrained\" style=\"margin-top:0;margin-bottom:0;padding-top:var(--wp--preset--spacing--50);padding-right:var(--wp--preset--spacing--50);padding-bottom:var(--wp--preset--spacing--50);padding-left:var(--wp--preset--spacing--50)\">\n<div class=\"wp-block-columns alignwide is-layout-flex wp-container-core-columns-is-layout-549b0c86 wp-block-columns-is-layout-flex\">\n<div class=\"wp-block-column has-global-padding is-content-justification-left is-layout-constrained wp-container-core-column-is-layout-4f15e8fe wp-block-column-is-layout-constrained\" style=\"flex-basis:40%\">\n<p>Nuestros <strong>Cuartos Fr\u00edos<\/strong> son ideales para:<\/p>\n<\/div>\n\n\n\n<div class=\"wp-block-column is-layout-flow wp-container-core-column-is-layout-119bc444 wp-block-column-is-layout-flow\" style=\"flex-basis:60%\">\n<ul class=\"wp-block-list\">\n<li>Almacenes refrigerados y centros de distribuci\u00f3n.<\/li>\n\n\n\n<li>Plantas procesadoras de alimentos y bebidas.<\/li>\n\n\n\n<li>Plantas de hielo y f\u00e1bricas de helados.<\/li>\n\n\n\n<li>Licorer\u00edas y bodegones.<\/li>\n\n\n\n<li>Supermercados y panader\u00edas.<\/li>\n\n\n\n<li>Industria farmac\u00e9utica y laboratorios.<\/li>\n\n\n\n<li>Procesamiento de carnes, pescados y productos perecederos.<\/li>\n<\/ul>\n<\/div>\n<\/div>\n<\/div>\n\n\n\n<div class=\"wp-block-group alignfull has-global-padding is-layout-constrained wp-container-core-group-is-layout-d89aad35 wp-block-group-is-layout-constrained\" style=\"margin-top:0;margin-bottom:0;padding-top:var(--wp--preset--spacing--50);padding-right:var(--wp--preset--spacing--50);padding-bottom:var(--wp--preset--spacing--50);padding-left:var(--wp--preset--spacing--50)\">\n<div class=\"wp-block-group alignwide has-base-2-background-color has-background has-global-padding is-layout-constrained wp-container-core-group-is-layout-39412042 wp-block-group-is-layout-constrained\" style=\"border-radius:16px;padding-top:var(--wp--preset--spacing--40);padding-right:var(--wp--preset--spacing--50);padding-bottom:var(--wp--preset--spacing--40);padding-left:var(--wp--preset--spacing--50)\">\n<div style=\"height:var(--wp--preset--spacing--10)\" aria-hidden=\"true\" class=\"wp-block-spacer\"><\/div>\n\n\n\n<h2 class=\"wp-block-heading has-text-align-center has-x-large-font-size\"><strong>\u00a1Cont\u00e1ctanos!<\/strong><\/h2>\n\n\n\n<p class=\"has-text-align-center\">Si necesitas una soluci\u00f3n en refrigeraci\u00f3n adaptada a tu negocio, en Artefrio te ofrecemos asesor\u00eda personalizada, instalaci\u00f3n profesional y soporte t\u00e9cnico especializado.<\/p>\n\n\n\n<div class=\"wp-block-buttons is-content-justification-center is-layout-flex wp-container-core-buttons-is-layout-a89b3969 wp-block-buttons-is-layout-flex\">\n<div class=\"wp-block-button\"><a class=\"wp-block-button__link wp-element-button\">SOLICITAR PRESUPUESTO<\/a><\/div>\n<\/div>\n\n\n\n<div style=\"height:var(--wp--preset--spacing--10)\" aria-hidden=\"true\" class=\"wp-block-spacer\"><\/div>\n<\/div>\n<\/div>\n","protected":false},"excerpt":{"rendered":"<p>Soluciones Eficientes para la Conservaci\u00f3n de Productos. Los cuartos fr\u00edos son espacios dise\u00f1ados para almacenar y conservar productos a temperaturas controladas, asegurando su frescura y calidad. Beneficios de Nuestros Cuartos Fr\u00edos Alta eficiencia energ\u00e9tica Equipos dise\u00f1ados para minimizar el consumo el\u00e9ctrico. Control preciso de temperatura Sistemas avanzados para garantizar la conservaci\u00f3n \u00f3ptima. Durabilidad y resistencia [&hellip;]<\/p>\n","protected":false},"author":1,"featured_media":0,"parent":0,"menu_order":0,"comment_status":"closed","ping_status":"closed","template":"","meta":{"footnotes":""},"class_list":["post-237","page","type-page","status-publish","hentry"],"yoast_head":"<!-- This site is optimized with the Yoast SEO plugin v27.3 - https:\/\/yoast.com\/product\/yoast-seo-wordpress\/ -->\n<title>Cuartos Fr\u00edos - Artefrio C.A.<\/title>\n<meta name=\"robots\" content=\"index, follow, max-snippet:-1, max-image-preview:large, max-video-preview:-1\" \/>\n<link rel=\"canonical\" href=\"https:\/\/artefrio.com.ve\/index.php\/cuartos-frios\/\" \/>\n<meta property=\"og:locale\" content=\"es_ES\" \/>\n<meta property=\"og:type\" content=\"article\" \/>\n<meta property=\"og:title\" content=\"Cuartos Fr\u00edos - Artefrio C.A.\" \/>\n<meta property=\"og:description\" content=\"Soluciones Eficientes para la Conservaci\u00f3n de Productos. Los cuartos fr\u00edos son espacios dise\u00f1ados para almacenar y conservar productos a temperaturas controladas, asegurando su frescura y calidad. Beneficios de Nuestros Cuartos Fr\u00edos Alta eficiencia energ\u00e9tica Equipos dise\u00f1ados para minimizar el consumo el\u00e9ctrico. Control preciso de temperatura Sistemas avanzados para garantizar la conservaci\u00f3n \u00f3ptima. Durabilidad y resistencia [&hellip;]\" \/>\n<meta property=\"og:url\" content=\"https:\/\/artefrio.com.ve\/index.php\/cuartos-frios\/\" \/>\n<meta property=\"og:site_name\" content=\"Artefrio C.A.\" \/>\n<meta property=\"article:modified_time\" content=\"2025-04-02T13:17:04+00:00\" \/>\n<meta property=\"og:image\" content=\"https:\/\/artefrio.com.ve\/wp-content\/uploads\/2024\/08\/Cuarto-frio-scaled.jpeg\" \/>\n\t<meta property=\"og:image:width\" content=\"2560\" \/>\n\t<meta property=\"og:image:height\" content=\"1707\" \/>\n\t<meta property=\"og:image:type\" content=\"image\/jpeg\" \/>\n<meta name=\"twitter:card\" content=\"summary_large_image\" \/>\n<meta name=\"twitter:label1\" content=\"Tiempo de lectura\" \/>\n\t<meta name=\"twitter:data1\" content=\"3 minutos\" \/>\n<script type=\"application\/ld+json\" class=\"yoast-schema-graph\">{\"@context\":\"https:\\\/\\\/schema.org\",\"@graph\":[{\"@type\":\"WebPage\",\"@id\":\"https:\\\/\\\/artefrio.com.ve\\\/index.php\\\/cuartos-frios\\\/\",\"url\":\"https:\\\/\\\/artefrio.com.ve\\\/index.php\\\/cuartos-frios\\\/\",\"name\":\"Cuartos Fr\u00edos - Artefrio C.A.\",\"isPartOf\":{\"@id\":\"https:\\\/\\\/artefrio.com.ve\\\/#website\"},\"primaryImageOfPage\":{\"@id\":\"https:\\\/\\\/artefrio.com.ve\\\/index.php\\\/cuartos-frios\\\/#primaryimage\"},\"image\":{\"@id\":\"https:\\\/\\\/artefrio.com.ve\\\/index.php\\\/cuartos-frios\\\/#primaryimage\"},\"thumbnailUrl\":\"https:\\\/\\\/artefrio.com.ve\\\/wp-content\\\/uploads\\\/2024\\\/08\\\/Cuarto-frio-1024x683.jpeg\",\"datePublished\":\"2025-04-01T17:44:54+00:00\",\"dateModified\":\"2025-04-02T13:17:04+00:00\",\"breadcrumb\":{\"@id\":\"https:\\\/\\\/artefrio.com.ve\\\/index.php\\\/cuartos-frios\\\/#breadcrumb\"},\"inLanguage\":\"es\",\"potentialAction\":[{\"@type\":\"ReadAction\",\"target\":[\"https:\\\/\\\/artefrio.com.ve\\\/index.php\\\/cuartos-frios\\\/\"]}]},{\"@type\":\"ImageObject\",\"inLanguage\":\"es\",\"@id\":\"https:\\\/\\\/artefrio.com.ve\\\/index.php\\\/cuartos-frios\\\/#primaryimage\",\"url\":\"https:\\\/\\\/artefrio.com.ve\\\/wp-content\\\/uploads\\\/2024\\\/08\\\/Cuarto-frio-scaled.jpeg\",\"contentUrl\":\"https:\\\/\\\/artefrio.com.ve\\\/wp-content\\\/uploads\\\/2024\\\/08\\\/Cuarto-frio-scaled.jpeg\",\"width\":2560,\"height\":1707,\"caption\":\"Cuartos Fr\u00edos\"},{\"@type\":\"BreadcrumbList\",\"@id\":\"https:\\\/\\\/artefrio.com.ve\\\/index.php\\\/cuartos-frios\\\/#breadcrumb\",\"itemListElement\":[{\"@type\":\"ListItem\",\"position\":1,\"name\":\"Portada\",\"item\":\"https:\\\/\\\/artefrio.com.ve\\\/\"},{\"@type\":\"ListItem\",\"position\":2,\"name\":\"Cuartos Fr\u00edos\"}]},{\"@type\":\"WebSite\",\"@id\":\"https:\\\/\\\/artefrio.com.ve\\\/#website\",\"url\":\"https:\\\/\\\/artefrio.com.ve\\\/\",\"name\":\"Artefrio C.A.\",\"description\":\"Refrigeraci\u00f3n Comercial e Industrial\",\"publisher\":{\"@id\":\"https:\\\/\\\/artefrio.com.ve\\\/#organization\"},\"potentialAction\":[{\"@type\":\"SearchAction\",\"target\":{\"@type\":\"EntryPoint\",\"urlTemplate\":\"https:\\\/\\\/artefrio.com.ve\\\/?s={search_term_string}\"},\"query-input\":{\"@type\":\"PropertyValueSpecification\",\"valueRequired\":true,\"valueName\":\"search_term_string\"}}],\"inLanguage\":\"es\"},{\"@type\":\"Organization\",\"@id\":\"https:\\\/\\\/artefrio.com.ve\\\/#organization\",\"name\":\"Artefrio C.A.\",\"url\":\"https:\\\/\\\/artefrio.com.ve\\\/\",\"logo\":{\"@type\":\"ImageObject\",\"inLanguage\":\"es\",\"@id\":\"https:\\\/\\\/artefrio.com.ve\\\/#\\\/schema\\\/logo\\\/image\\\/\",\"url\":\"https:\\\/\\\/artefrio.com.ve\\\/wp-content\\\/uploads\\\/2024\\\/07\\\/Logo-Artefrio-01.png\",\"contentUrl\":\"https:\\\/\\\/artefrio.com.ve\\\/wp-content\\\/uploads\\\/2024\\\/07\\\/Logo-Artefrio-01.png\",\"width\":2084,\"height\":686,\"caption\":\"Artefrio C.A.\"},\"image\":{\"@id\":\"https:\\\/\\\/artefrio.com.ve\\\/#\\\/schema\\\/logo\\\/image\\\/\"},\"sameAs\":[\"https:\\\/\\\/www.instagram.com\\\/artefrio.ca\\\/\"]}]}<\/script>\n<!-- \/ Yoast SEO plugin. -->","yoast_head_json":{"title":"Cuartos Fr\u00edos - Artefrio C.A.","robots":{"index":"index","follow":"follow","max-snippet":"max-snippet:-1","max-image-preview":"max-image-preview:large","max-video-preview":"max-video-preview:-1"},"canonical":"https:\/\/artefrio.com.ve\/index.php\/cuartos-frios\/","og_locale":"es_ES","og_type":"article","og_title":"Cuartos Fr\u00edos - Artefrio C.A.","og_description":"Soluciones Eficientes para la Conservaci\u00f3n de Productos. Los cuartos fr\u00edos son espacios dise\u00f1ados para almacenar y conservar productos a temperaturas controladas, asegurando su frescura y calidad. Beneficios de Nuestros Cuartos Fr\u00edos Alta eficiencia energ\u00e9tica Equipos dise\u00f1ados para minimizar el consumo el\u00e9ctrico. Control preciso de temperatura Sistemas avanzados para garantizar la conservaci\u00f3n \u00f3ptima. Durabilidad y resistencia [&hellip;]","og_url":"https:\/\/artefrio.com.ve\/index.php\/cuartos-frios\/","og_site_name":"Artefrio C.A.","article_modified_time":"2025-04-02T13:17:04+00:00","og_image":[{"width":2560,"height":1707,"url":"https:\/\/artefrio.com.ve\/wp-content\/uploads\/2024\/08\/Cuarto-frio-scaled.jpeg","type":"image\/jpeg"}],"twitter_card":"summary_large_image","twitter_misc":{"Tiempo de lectura":"3 minutos"},"schema":{"@context":"https:\/\/schema.org","@graph":[{"@type":"WebPage","@id":"https:\/\/artefrio.com.ve\/index.php\/cuartos-frios\/","url":"https:\/\/artefrio.com.ve\/index.php\/cuartos-frios\/","name":"Cuartos Fr\u00edos - Artefrio C.A.","isPartOf":{"@id":"https:\/\/artefrio.com.ve\/#website"},"primaryImageOfPage":{"@id":"https:\/\/artefrio.com.ve\/index.php\/cuartos-frios\/#primaryimage"},"image":{"@id":"https:\/\/artefrio.com.ve\/index.php\/cuartos-frios\/#primaryimage"},"thumbnailUrl":"https:\/\/artefrio.com.ve\/wp-content\/uploads\/2024\/08\/Cuarto-frio-1024x683.jpeg","datePublished":"2025-04-01T17:44:54+00:00","dateModified":"2025-04-02T13:17:04+00:00","breadcrumb":{"@id":"https:\/\/artefrio.com.ve\/index.php\/cuartos-frios\/#breadcrumb"},"inLanguage":"es","potentialAction":[{"@type":"ReadAction","target":["https:\/\/artefrio.com.ve\/index.php\/cuartos-frios\/"]}]},{"@type":"ImageObject","inLanguage":"es","@id":"https:\/\/artefrio.com.ve\/index.php\/cuartos-frios\/#primaryimage","url":"https:\/\/artefrio.com.ve\/wp-content\/uploads\/2024\/08\/Cuarto-frio-scaled.jpeg","contentUrl":"https:\/\/artefrio.com.ve\/wp-content\/uploads\/2024\/08\/Cuarto-frio-scaled.jpeg","width":2560,"height":1707,"caption":"Cuartos Fr\u00edos"},{"@type":"BreadcrumbList","@id":"https:\/\/artefrio.com.ve\/index.php\/cuartos-frios\/#breadcrumb","itemListElement":[{"@type":"ListItem","position":1,"name":"Portada","item":"https:\/\/artefrio.com.ve\/"},{"@type":"ListItem","position":2,"name":"Cuartos Fr\u00edos"}]},{"@type":"WebSite","@id":"https:\/\/artefrio.com.ve\/#website","url":"https:\/\/artefrio.com.ve\/","name":"Artefrio C.A.","description":"Refrigeraci\u00f3n Comercial e Industrial","publisher":{"@id":"https:\/\/artefrio.com.ve\/#organization"},"potentialAction":[{"@type":"SearchAction","target":{"@type":"EntryPoint","urlTemplate":"https:\/\/artefrio.com.ve\/?s={search_term_string}"},"query-input":{"@type":"PropertyValueSpecification","valueRequired":true,"valueName":"search_term_string"}}],"inLanguage":"es"},{"@type":"Organization","@id":"https:\/\/artefrio.com.ve\/#organization","name":"Artefrio C.A.","url":"https:\/\/artefrio.com.ve\/","logo":{"@type":"ImageObject","inLanguage":"es","@id":"https:\/\/artefrio.com.ve\/#\/schema\/logo\/image\/","url":"https:\/\/artefrio.com.ve\/wp-content\/uploads\/2024\/07\/Logo-Artefrio-01.png","contentUrl":"https:\/\/artefrio.com.ve\/wp-content\/uploads\/2024\/07\/Logo-Artefrio-01.png","width":2084,"height":686,"caption":"Artefrio C.A."},"image":{"@id":"https:\/\/artefrio.com.ve\/#\/schema\/logo\/image\/"},"sameAs":["https:\/\/www.instagram.com\/artefrio.ca\/"]}]}},"_links":{"self":[{"href":"https:\/\/artefrio.com.ve\/index.php\/wp-json\/wp\/v2\/pages\/237","targetHints":{"allow":["GET"]}}],"collection":[{"href":"https:\/\/artefrio.com.ve\/index.php\/wp-json\/wp\/v2\/pages"}],"about":[{"href":"https:\/\/artefrio.com.ve\/index.php\/wp-json\/wp\/v2\/types\/page"}],"author":[{"embeddable":true,"href":"https:\/\/artefrio.com.ve\/index.php\/wp-json\/wp\/v2\/users\/1"}],"replies":[{"embeddable":true,"href":"https:\/\/artefrio.com.ve\/index.php\/wp-json\/wp\/v2\/comments?post=237"}],"version-history":[{"count":8,"href":"https:\/\/artefrio.com.ve\/index.php\/wp-json\/wp\/v2\/pages\/237\/revisions"}],"predecessor-version":[{"id":340,"href":"https:\/\/artefrio.com.ve\/index.php\/wp-json\/wp\/v2\/pages\/237\/revisions\/340"}],"wp:attachment":[{"href":"https:\/\/artefrio.com.ve\/index.php\/wp-json\/wp\/v2\/media?parent=237"}],"curies":[{"name":"wp","href":"https:\/\/api.w.org\/{rel}","templated":true}]}}