{"id":257,"date":"2025-04-01T13:44:56","date_gmt":"2025-04-01T17:44:56","guid":{"rendered":"https:\/\/artefrio.com.ve\/?page_id=257"},"modified":"2025-04-02T09:17:15","modified_gmt":"2025-04-02T13:17:15","slug":"exhibicion-refrigerada","status":"publish","type":"page","link":"https:\/\/artefrio.com.ve\/index.php\/exhibicion-refrigerada\/","title":{"rendered":"Exhibici\u00f3n Refrigerada"},"content":{"rendered":"\n<div class=\"wp-block-group alignfull has-global-padding is-layout-constrained wp-container-core-group-is-layout-669513ed wp-block-group-is-layout-constrained\" style=\"margin-top:0;margin-bottom:0;padding-top:var(--wp--preset--spacing--50);padding-right:var(--wp--preset--spacing--50);padding-bottom:var(--wp--preset--spacing--50);padding-left:var(--wp--preset--spacing--50)\">\n<div class=\"wp-block-columns alignwide is-layout-flex wp-container-core-columns-is-layout-28f84493 wp-block-columns-is-layout-flex\">\n<div class=\"wp-block-column is-layout-flow wp-block-column-is-layout-flow\" style=\"flex-basis:40%\">\n<p class=\"wp-container-content-0733e5d0\"><strong><strong>Conservaci\u00f3n y Presentaci\u00f3n de Productos con Estilo y Eficiencia<\/strong><\/strong>.<\/p>\n<\/div>\n\n\n\n<div class=\"wp-block-column is-layout-flow wp-block-column-is-layout-flow\" style=\"flex-basis:60%\">\n<p class=\"has-heading-font-family has-x-large-font-size\" style=\"line-height:1.2\">Sabemos que <strong>una buena exhibici\u00f3n impulsa las ventas<\/strong>; por eso, proporcionamos equipos que combinan dise\u00f1o moderno, alta eficiencia energ\u00e9tica y rendimiento.<\/p>\n<\/div>\n<\/div>\n\n\n\n<div style=\"height:var(--wp--preset--spacing--40)\" aria-hidden=\"true\" class=\"wp-block-spacer\"><\/div>\n\n\n\n<figure class=\"wp-block-image alignwide size-large is-style-rounded is-style-rounded--1\"><img loading=\"lazy\" decoding=\"async\" width=\"1024\" height=\"767\" src=\"https:\/\/artefrio.com.ve\/wp-content\/uploads\/2025\/04\/IMG_20250207_133623-1024x767.jpg\" alt=\"\" class=\"wp-image-259\" srcset=\"https:\/\/artefrio.com.ve\/wp-content\/uploads\/2025\/04\/IMG_20250207_133623-1024x767.jpg 1024w, https:\/\/artefrio.com.ve\/wp-content\/uploads\/2025\/04\/IMG_20250207_133623-300x225.jpg 300w, https:\/\/artefrio.com.ve\/wp-content\/uploads\/2025\/04\/IMG_20250207_133623-768x576.jpg 768w, https:\/\/artefrio.com.ve\/wp-content\/uploads\/2025\/04\/IMG_20250207_133623-1536x1151.jpg 1536w, https:\/\/artefrio.com.ve\/wp-content\/uploads\/2025\/04\/IMG_20250207_133623.jpg 1540w\" sizes=\"auto, (max-width: 1024px) 100vw, 1024px\" \/><\/figure>\n<\/div>\n\n\n\n<div class=\"wp-block-group alignfull has-background has-global-padding is-layout-constrained wp-container-core-group-is-layout-301020a0 wp-block-group-is-layout-constrained\" style=\"background-color:#ebebeb;padding-top:var(--wp--preset--spacing--50);padding-right:var(--wp--preset--spacing--50);padding-bottom:var(--wp--preset--spacing--50);padding-left:var(--wp--preset--spacing--50)\">\n<div class=\"wp-block-columns alignwide is-layout-flex wp-container-core-columns-is-layout-08c01c1c wp-block-columns-is-layout-flex\">\n<div class=\"wp-block-column is-layout-flow wp-block-column-is-layout-flow\" style=\"flex-basis:33%\">\n<p class=\"has-heading-font-family has-large-font-size\" style=\"line-height:1.2\">Beneficios de nuestros sistemas de <strong><strong>Exhibici\u00f3n Refrigerada<\/strong><\/strong><\/p>\n<\/div>\n\n\n\n<div class=\"wp-block-column is-layout-flow wp-container-core-column-is-layout-119bc444 wp-block-column-is-layout-flow\">\n<div class=\"wp-block-group is-layout-grid wp-container-core-group-is-layout-b694d6cf wp-block-group-is-layout-grid\">\n<div class=\"wp-block-group is-vertical is-content-justification-left is-nowrap is-layout-flex wp-container-core-group-is-layout-970da055 wp-block-group-is-layout-flex\">\n<p style=\"font-style:normal;font-weight:500\"><strong><strong>Conservaci\u00f3n \u00f3ptima de productos<\/strong><\/strong><\/p>\n\n\n\n<p>Mantiene frescos los alimentos y bebidas por m\u00e1s tiempo.<\/p>\n<\/div>\n\n\n\n<div class=\"wp-block-group is-vertical is-nowrap is-layout-flex wp-container-core-group-is-layout-3655d5c7 wp-block-group-is-layout-flex\">\n<p style=\"font-style:normal;font-weight:500\"><strong><strong>Dise\u00f1os modernos y elegantes<\/strong><\/strong><\/p>\n\n\n\n<p>Equipos que mejoran la presentaci\u00f3n y atraen clientes.<\/p>\n<\/div>\n<\/div>\n\n\n\n<div class=\"wp-block-group is-layout-grid wp-container-core-group-is-layout-b694d6cf wp-block-group-is-layout-grid\">\n<div class=\"wp-block-group is-vertical is-nowrap is-layout-flex wp-container-core-group-is-layout-3655d5c7 wp-block-group-is-layout-flex\">\n<p style=\"font-style:normal;font-weight:500\"><strong><strong>Variedad de tama\u00f1os y modelos<\/strong><\/strong><\/p>\n\n\n\n<p>Soluciones adaptadas a diferentes tipos de negocios.<\/p>\n<\/div>\n\n\n\n<div class=\"wp-block-group is-vertical is-nowrap is-layout-flex wp-container-core-group-is-layout-3655d5c7 wp-block-group-is-layout-flex\">\n<p style=\"font-style:normal;font-weight:500\"><strong><strong>Eficiencia energ\u00e9tica<\/strong><\/strong><\/p>\n\n\n\n<p>Tecnolog\u00eda que optimiza el consumo de electricidad.<\/p>\n<\/div>\n<\/div>\n<\/div>\n<\/div>\n<\/div>\n\n\n\n<div style=\"height:120px\" aria-hidden=\"true\" class=\"wp-block-spacer\"><\/div>\n\n\n\n<figure class=\"wp-block-gallery alignwide has-nested-images columns-6 is-cropped wp-block-gallery-8 is-layout-flex wp-block-gallery-is-layout-flex\">\n<figure class=\"wp-block-image size-large is-style-rounded is-style-rounded--2\"><img loading=\"lazy\" decoding=\"async\" width=\"767\" height=\"1024\" data-id=\"260\" src=\"https:\/\/artefrio.com.ve\/wp-content\/uploads\/2025\/04\/IMG-20250205-WA0043-767x1024.jpg\" alt=\"\" class=\"wp-image-260\" srcset=\"https:\/\/artefrio.com.ve\/wp-content\/uploads\/2025\/04\/IMG-20250205-WA0043-767x1024.jpg 767w, https:\/\/artefrio.com.ve\/wp-content\/uploads\/2025\/04\/IMG-20250205-WA0043-225x300.jpg 225w, https:\/\/artefrio.com.ve\/wp-content\/uploads\/2025\/04\/IMG-20250205-WA0043-768x1025.jpg 768w, https:\/\/artefrio.com.ve\/wp-content\/uploads\/2025\/04\/IMG-20250205-WA0043-1151x1536.jpg 1151w, https:\/\/artefrio.com.ve\/wp-content\/uploads\/2025\/04\/IMG-20250205-WA0043.jpg 1199w\" sizes=\"auto, (max-width: 767px) 100vw, 767px\" \/><\/figure>\n\n\n\n<figure class=\"wp-block-image size-large is-style-rounded is-style-rounded--3\"><img loading=\"lazy\" decoding=\"async\" width=\"1024\" height=\"768\" data-id=\"156\" src=\"https:\/\/artefrio.com.ve\/wp-content\/uploads\/2024\/08\/Mural_02-1024x768.jpg\" alt=\"Servicios de Artefrio C.A.\" class=\"wp-image-156\" srcset=\"https:\/\/artefrio.com.ve\/wp-content\/uploads\/2024\/08\/Mural_02-1024x768.jpg 1024w, https:\/\/artefrio.com.ve\/wp-content\/uploads\/2024\/08\/Mural_02-300x225.jpg 300w, https:\/\/artefrio.com.ve\/wp-content\/uploads\/2024\/08\/Mural_02-768x576.jpg 768w, https:\/\/artefrio.com.ve\/wp-content\/uploads\/2024\/08\/Mural_02.jpg 1080w\" sizes=\"auto, (max-width: 1024px) 100vw, 1024px\" \/><\/figure>\n\n\n\n<figure class=\"wp-block-image size-large is-style-rounded is-style-rounded--4\"><img loading=\"lazy\" decoding=\"async\" width=\"1024\" height=\"1024\" data-id=\"262\" src=\"https:\/\/artefrio.com.ve\/wp-content\/uploads\/2025\/04\/Bakery-Display-1024x1024.jpeg\" alt=\"\" class=\"wp-image-262\" srcset=\"https:\/\/artefrio.com.ve\/wp-content\/uploads\/2025\/04\/Bakery-Display-1024x1024.jpeg 1024w, https:\/\/artefrio.com.ve\/wp-content\/uploads\/2025\/04\/Bakery-Display-300x300.jpeg 300w, https:\/\/artefrio.com.ve\/wp-content\/uploads\/2025\/04\/Bakery-Display-150x150.jpeg 150w, https:\/\/artefrio.com.ve\/wp-content\/uploads\/2025\/04\/Bakery-Display-768x768.jpeg 768w, https:\/\/artefrio.com.ve\/wp-content\/uploads\/2025\/04\/Bakery-Display.jpeg 1200w\" sizes=\"auto, (max-width: 1024px) 100vw, 1024px\" \/><\/figure>\n\n\n\n<figure class=\"wp-block-image size-large is-style-rounded is-style-rounded--5\"><img loading=\"lazy\" decoding=\"async\" width=\"1024\" height=\"767\" data-id=\"261\" src=\"https:\/\/artefrio.com.ve\/wp-content\/uploads\/2025\/04\/IMG_20250207_133739-1024x767.jpg\" alt=\"\" class=\"wp-image-261\" srcset=\"https:\/\/artefrio.com.ve\/wp-content\/uploads\/2025\/04\/IMG_20250207_133739-1024x767.jpg 1024w, https:\/\/artefrio.com.ve\/wp-content\/uploads\/2025\/04\/IMG_20250207_133739-300x225.jpg 300w, https:\/\/artefrio.com.ve\/wp-content\/uploads\/2025\/04\/IMG_20250207_133739-768x575.jpg 768w, https:\/\/artefrio.com.ve\/wp-content\/uploads\/2025\/04\/IMG_20250207_133739.jpg 1495w\" sizes=\"auto, (max-width: 1024px) 100vw, 1024px\" \/><\/figure>\n\n\n\n<figure class=\"wp-block-image size-large is-style-rounded is-style-rounded--6\"><img loading=\"lazy\" decoding=\"async\" width=\"992\" height=\"744\" data-id=\"163\" src=\"https:\/\/artefrio.com.ve\/wp-content\/uploads\/2024\/08\/Vitrina_01-1.jpg\" alt=\"Servicios de Artefrio C.A.\" class=\"wp-image-163\" srcset=\"https:\/\/artefrio.com.ve\/wp-content\/uploads\/2024\/08\/Vitrina_01-1.jpg 992w, https:\/\/artefrio.com.ve\/wp-content\/uploads\/2024\/08\/Vitrina_01-1-300x225.jpg 300w, https:\/\/artefrio.com.ve\/wp-content\/uploads\/2024\/08\/Vitrina_01-1-768x576.jpg 768w\" sizes=\"auto, (max-width: 992px) 100vw, 992px\" \/><\/figure>\n\n\n\n<figure class=\"wp-block-image size-large is-style-rounded is-style-rounded--7\"><img loading=\"lazy\" decoding=\"async\" width=\"1024\" height=\"768\" data-id=\"155\" src=\"https:\/\/artefrio.com.ve\/wp-content\/uploads\/2024\/08\/Mural_01-1024x768.jpg\" alt=\"Servicios de Artefrio C.A.\" class=\"wp-image-155\" srcset=\"https:\/\/artefrio.com.ve\/wp-content\/uploads\/2024\/08\/Mural_01-1024x768.jpg 1024w, https:\/\/artefrio.com.ve\/wp-content\/uploads\/2024\/08\/Mural_01-300x225.jpg 300w, https:\/\/artefrio.com.ve\/wp-content\/uploads\/2024\/08\/Mural_01-768x576.jpg 768w, https:\/\/artefrio.com.ve\/wp-content\/uploads\/2024\/08\/Mural_01.jpg 1026w\" sizes=\"auto, (max-width: 1024px) 100vw, 1024px\" \/><\/figure>\n<\/figure>\n\n\n\n<div class=\"wp-block-group alignfull has-base-background-color has-background has-global-padding is-layout-constrained wp-container-core-group-is-layout-d89aad35 wp-block-group-is-layout-constrained\" style=\"margin-top:0;margin-bottom:0;padding-top:var(--wp--preset--spacing--50);padding-right:var(--wp--preset--spacing--50);padding-bottom:var(--wp--preset--spacing--50);padding-left:var(--wp--preset--spacing--50)\">\n<div class=\"wp-block-columns alignwide is-layout-flex wp-container-core-columns-is-layout-549b0c86 wp-block-columns-is-layout-flex\">\n<div class=\"wp-block-column has-global-padding is-content-justification-left is-layout-constrained wp-container-core-column-is-layout-4f15e8fe wp-block-column-is-layout-constrained\" style=\"flex-basis:40%\">\n<p>En <strong>Artefrio<\/strong>, ofrecemos soluciones dise\u00f1adas para mantener la frescura de los productos mientras se presentan de manera atractiva al p\u00fablico.<\/p>\n<\/div>\n\n\n\n<div class=\"wp-block-column is-layout-flow wp-container-core-column-is-layout-119bc444 wp-block-column-is-layout-flow\" style=\"flex-basis:60%\">\n<p class=\"has-heading-font-family has-x-large-font-size\" style=\"line-height:1.2\">Nuestras <strong>vitrinas, neveras y murales refrigerados<\/strong> est\u00e1n pensados para negocios que requieren mantener sus productos en <strong>condiciones \u00f3ptimas de temperatura<\/strong>, sin comprometer la est\u00e9tica ni el consumo energ\u00e9tico.<\/p>\n\n\n\n<div class=\"wp-block-columns is-layout-flex wp-container-core-columns-is-layout-87beb0d0 wp-block-columns-is-layout-flex\">\n<div class=\"wp-block-column is-layout-flow wp-block-column-is-layout-flow\">\n<p class=\"wp-container-content-9cfa9a5a\"><strong>Neveras<\/strong>: Ideales para exhibici\u00f3n y conservaci\u00f3n de bebidas y alimentos perecederos.<\/p>\n\n\n\n<p><strong>Murales refrigerados<\/strong>: Dise\u00f1ados para autoservicio en supermercados, minimercados y bodegones.<\/p>\n\n\n\n<p><strong>Vitrinas refrigeradas<\/strong>: Perfectas para panader\u00edas, charcuter\u00edas y pasteler\u00edas, permitiendo una visualizaci\u00f3n atractiva de los productos.<\/p>\n<\/div>\n<\/div>\n<\/div>\n<\/div>\n<\/div>\n\n\n\n<div class=\"wp-block-cover alignfull has-parallax\" style=\"padding-top:var(--wp--preset--spacing--50);padding-right:var(--wp--preset--spacing--50);padding-bottom:var(--wp--preset--spacing--50);padding-left:var(--wp--preset--spacing--50);min-height:100vh;aspect-ratio:unset;\"><span aria-hidden=\"true\" class=\"wp-block-cover__background has-base-background-color has-background-dim-0 has-background-dim\"><\/span><div class=\"wp-block-cover__image-background wp-image-265 has-parallax\" style=\"background-position:50% 50%;background-image:url(https:\/\/artefrio.com.ve\/wp-content\/uploads\/2025\/04\/1139.jpg)\"><\/div><div class=\"wp-block-cover__inner-container has-global-padding is-layout-constrained wp-container-core-cover-is-layout-e4fd886c wp-block-cover-is-layout-constrained\">\n<div style=\"height:500px\" aria-hidden=\"true\" class=\"wp-block-spacer\"><\/div>\n<\/div><\/div>\n\n\n\n<div class=\"wp-block-group alignfull has-base-background-color has-background has-global-padding is-layout-constrained wp-container-core-group-is-layout-d89aad35 wp-block-group-is-layout-constrained\" style=\"margin-top:0;margin-bottom:0;padding-top:var(--wp--preset--spacing--50);padding-right:var(--wp--preset--spacing--50);padding-bottom:var(--wp--preset--spacing--50);padding-left:var(--wp--preset--spacing--50)\">\n<div class=\"wp-block-columns alignwide is-layout-flex wp-container-core-columns-is-layout-549b0c86 wp-block-columns-is-layout-flex\">\n<div class=\"wp-block-column has-global-padding is-content-justification-left is-layout-constrained wp-container-core-column-is-layout-4f15e8fe wp-block-column-is-layout-constrained\" style=\"flex-basis:40%\">\n<p>Nuestros sistemas de <strong>Exhibici\u00f3n Refrigerada<\/strong> son ideales para:<\/p>\n<\/div>\n\n\n\n<div class=\"wp-block-column is-layout-flow wp-container-core-column-is-layout-119bc444 wp-block-column-is-layout-flow\" style=\"flex-basis:60%\">\n<ul class=\"wp-block-list\">\n<li>Supermercados y minimarkets.<\/li>\n\n\n\n<li>Bodegones y licorer\u00edas.<\/li>\n\n\n\n<li>Panader\u00edas y pasteler\u00edas.<\/li>\n\n\n\n<li>Tiendas de conveniencia y abastos.<\/li>\n\n\n\n<li>Charcuter\u00edas y carnicer\u00edas.<\/li>\n\n\n\n<li>Restaurantes y cafeter\u00edas.<\/li>\n<\/ul>\n<\/div>\n<\/div>\n<\/div>\n\n\n\n<div class=\"wp-block-group alignfull has-global-padding is-layout-constrained wp-container-core-group-is-layout-d89aad35 wp-block-group-is-layout-constrained\" style=\"margin-top:0;margin-bottom:0;padding-top:var(--wp--preset--spacing--50);padding-right:var(--wp--preset--spacing--50);padding-bottom:var(--wp--preset--spacing--50);padding-left:var(--wp--preset--spacing--50)\">\n<div class=\"wp-block-group alignwide has-base-2-background-color has-background has-global-padding is-layout-constrained wp-container-core-group-is-layout-39412042 wp-block-group-is-layout-constrained\" style=\"border-radius:16px;padding-top:var(--wp--preset--spacing--40);padding-right:var(--wp--preset--spacing--50);padding-bottom:var(--wp--preset--spacing--40);padding-left:var(--wp--preset--spacing--50)\">\n<div style=\"height:var(--wp--preset--spacing--10)\" aria-hidden=\"true\" class=\"wp-block-spacer\"><\/div>\n\n\n\n<h2 class=\"wp-block-heading has-text-align-center has-x-large-font-size\"><strong>\u00a1Cont\u00e1ctanos!<\/strong><\/h2>\n\n\n\n<p class=\"has-text-align-center\">Si buscas neveras, vitrinas o murales refrigerados que combinen funcionalidad y dise\u00f1o, en Artefrio tenemos la soluci\u00f3n ideal para ti.<\/p>\n\n\n\n<div class=\"wp-block-buttons is-content-justification-center is-layout-flex wp-container-core-buttons-is-layout-a89b3969 wp-block-buttons-is-layout-flex\">\n<div class=\"wp-block-button\"><a class=\"wp-block-button__link wp-element-button\">SOLICITAR PRESUPUESTO<\/a><\/div>\n<\/div>\n\n\n\n<div style=\"height:var(--wp--preset--spacing--10)\" aria-hidden=\"true\" class=\"wp-block-spacer\"><\/div>\n<\/div>\n<\/div>\n","protected":false},"excerpt":{"rendered":"<p>Conservaci\u00f3n y Presentaci\u00f3n de Productos con Estilo y Eficiencia. Sabemos que una buena exhibici\u00f3n impulsa las ventas; por eso, proporcionamos equipos que combinan dise\u00f1o moderno, alta eficiencia energ\u00e9tica y rendimiento. Beneficios de nuestros sistemas de Exhibici\u00f3n Refrigerada Conservaci\u00f3n \u00f3ptima de productos Mantiene frescos los alimentos y bebidas por m\u00e1s tiempo. Dise\u00f1os modernos y elegantes Equipos [&hellip;]<\/p>\n","protected":false},"author":1,"featured_media":0,"parent":0,"menu_order":0,"comment_status":"closed","ping_status":"closed","template":"","meta":{"footnotes":""},"class_list":["post-257","page","type-page","status-publish","hentry"],"yoast_head":"<!-- This site is optimized with the Yoast SEO plugin v27.3 - https:\/\/yoast.com\/product\/yoast-seo-wordpress\/ -->\n<title>Exhibici\u00f3n Refrigerada - Artefrio C.A.<\/title>\n<meta name=\"robots\" content=\"index, follow, max-snippet:-1, max-image-preview:large, max-video-preview:-1\" \/>\n<link rel=\"canonical\" href=\"https:\/\/artefrio.com.ve\/index.php\/exhibicion-refrigerada\/\" \/>\n<meta property=\"og:locale\" content=\"es_ES\" \/>\n<meta property=\"og:type\" content=\"article\" \/>\n<meta property=\"og:title\" content=\"Exhibici\u00f3n Refrigerada - Artefrio C.A.\" \/>\n<meta property=\"og:description\" content=\"Conservaci\u00f3n y Presentaci\u00f3n de Productos con Estilo y Eficiencia. Sabemos que una buena exhibici\u00f3n impulsa las ventas; por eso, proporcionamos equipos que combinan dise\u00f1o moderno, alta eficiencia energ\u00e9tica y rendimiento. Beneficios de nuestros sistemas de Exhibici\u00f3n Refrigerada Conservaci\u00f3n \u00f3ptima de productos Mantiene frescos los alimentos y bebidas por m\u00e1s tiempo. Dise\u00f1os modernos y elegantes Equipos [&hellip;]\" \/>\n<meta property=\"og:url\" content=\"https:\/\/artefrio.com.ve\/index.php\/exhibicion-refrigerada\/\" \/>\n<meta property=\"og:site_name\" content=\"Artefrio C.A.\" \/>\n<meta property=\"article:modified_time\" content=\"2025-04-02T13:17:15+00:00\" \/>\n<meta property=\"og:image\" content=\"https:\/\/artefrio.com.ve\/wp-content\/uploads\/2025\/04\/IMG_20250207_133623.jpg\" \/>\n\t<meta property=\"og:image:width\" content=\"1540\" \/>\n\t<meta property=\"og:image:height\" content=\"1154\" \/>\n\t<meta property=\"og:image:type\" content=\"image\/jpeg\" \/>\n<meta name=\"twitter:card\" content=\"summary_large_image\" \/>\n<meta name=\"twitter:label1\" content=\"Tiempo de lectura\" \/>\n\t<meta name=\"twitter:data1\" content=\"3 minutos\" \/>\n<script type=\"application\/ld+json\" class=\"yoast-schema-graph\">{\"@context\":\"https:\\\/\\\/schema.org\",\"@graph\":[{\"@type\":\"WebPage\",\"@id\":\"https:\\\/\\\/artefrio.com.ve\\\/index.php\\\/exhibicion-refrigerada\\\/\",\"url\":\"https:\\\/\\\/artefrio.com.ve\\\/index.php\\\/exhibicion-refrigerada\\\/\",\"name\":\"Exhibici\u00f3n Refrigerada - Artefrio C.A.\",\"isPartOf\":{\"@id\":\"https:\\\/\\\/artefrio.com.ve\\\/#website\"},\"primaryImageOfPage\":{\"@id\":\"https:\\\/\\\/artefrio.com.ve\\\/index.php\\\/exhibicion-refrigerada\\\/#primaryimage\"},\"image\":{\"@id\":\"https:\\\/\\\/artefrio.com.ve\\\/index.php\\\/exhibicion-refrigerada\\\/#primaryimage\"},\"thumbnailUrl\":\"https:\\\/\\\/artefrio.com.ve\\\/wp-content\\\/uploads\\\/2025\\\/04\\\/IMG_20250207_133623-1024x767.jpg\",\"datePublished\":\"2025-04-01T17:44:56+00:00\",\"dateModified\":\"2025-04-02T13:17:15+00:00\",\"breadcrumb\":{\"@id\":\"https:\\\/\\\/artefrio.com.ve\\\/index.php\\\/exhibicion-refrigerada\\\/#breadcrumb\"},\"inLanguage\":\"es\",\"potentialAction\":[{\"@type\":\"ReadAction\",\"target\":[\"https:\\\/\\\/artefrio.com.ve\\\/index.php\\\/exhibicion-refrigerada\\\/\"]}]},{\"@type\":\"ImageObject\",\"inLanguage\":\"es\",\"@id\":\"https:\\\/\\\/artefrio.com.ve\\\/index.php\\\/exhibicion-refrigerada\\\/#primaryimage\",\"url\":\"https:\\\/\\\/artefrio.com.ve\\\/wp-content\\\/uploads\\\/2025\\\/04\\\/IMG_20250207_133623.jpg\",\"contentUrl\":\"https:\\\/\\\/artefrio.com.ve\\\/wp-content\\\/uploads\\\/2025\\\/04\\\/IMG_20250207_133623.jpg\",\"width\":1540,\"height\":1154},{\"@type\":\"BreadcrumbList\",\"@id\":\"https:\\\/\\\/artefrio.com.ve\\\/index.php\\\/exhibicion-refrigerada\\\/#breadcrumb\",\"itemListElement\":[{\"@type\":\"ListItem\",\"position\":1,\"name\":\"Portada\",\"item\":\"https:\\\/\\\/artefrio.com.ve\\\/\"},{\"@type\":\"ListItem\",\"position\":2,\"name\":\"Exhibici\u00f3n Refrigerada\"}]},{\"@type\":\"WebSite\",\"@id\":\"https:\\\/\\\/artefrio.com.ve\\\/#website\",\"url\":\"https:\\\/\\\/artefrio.com.ve\\\/\",\"name\":\"Artefrio C.A.\",\"description\":\"Refrigeraci\u00f3n Comercial e Industrial\",\"publisher\":{\"@id\":\"https:\\\/\\\/artefrio.com.ve\\\/#organization\"},\"potentialAction\":[{\"@type\":\"SearchAction\",\"target\":{\"@type\":\"EntryPoint\",\"urlTemplate\":\"https:\\\/\\\/artefrio.com.ve\\\/?s={search_term_string}\"},\"query-input\":{\"@type\":\"PropertyValueSpecification\",\"valueRequired\":true,\"valueName\":\"search_term_string\"}}],\"inLanguage\":\"es\"},{\"@type\":\"Organization\",\"@id\":\"https:\\\/\\\/artefrio.com.ve\\\/#organization\",\"name\":\"Artefrio C.A.\",\"url\":\"https:\\\/\\\/artefrio.com.ve\\\/\",\"logo\":{\"@type\":\"ImageObject\",\"inLanguage\":\"es\",\"@id\":\"https:\\\/\\\/artefrio.com.ve\\\/#\\\/schema\\\/logo\\\/image\\\/\",\"url\":\"https:\\\/\\\/artefrio.com.ve\\\/wp-content\\\/uploads\\\/2024\\\/07\\\/Logo-Artefrio-01.png\",\"contentUrl\":\"https:\\\/\\\/artefrio.com.ve\\\/wp-content\\\/uploads\\\/2024\\\/07\\\/Logo-Artefrio-01.png\",\"width\":2084,\"height\":686,\"caption\":\"Artefrio C.A.\"},\"image\":{\"@id\":\"https:\\\/\\\/artefrio.com.ve\\\/#\\\/schema\\\/logo\\\/image\\\/\"},\"sameAs\":[\"https:\\\/\\\/www.instagram.com\\\/artefrio.ca\\\/\"]}]}<\/script>\n<!-- \/ Yoast SEO plugin. -->","yoast_head_json":{"title":"Exhibici\u00f3n Refrigerada - Artefrio C.A.","robots":{"index":"index","follow":"follow","max-snippet":"max-snippet:-1","max-image-preview":"max-image-preview:large","max-video-preview":"max-video-preview:-1"},"canonical":"https:\/\/artefrio.com.ve\/index.php\/exhibicion-refrigerada\/","og_locale":"es_ES","og_type":"article","og_title":"Exhibici\u00f3n Refrigerada - Artefrio C.A.","og_description":"Conservaci\u00f3n y Presentaci\u00f3n de Productos con Estilo y Eficiencia. Sabemos que una buena exhibici\u00f3n impulsa las ventas; por eso, proporcionamos equipos que combinan dise\u00f1o moderno, alta eficiencia energ\u00e9tica y rendimiento. Beneficios de nuestros sistemas de Exhibici\u00f3n Refrigerada Conservaci\u00f3n \u00f3ptima de productos Mantiene frescos los alimentos y bebidas por m\u00e1s tiempo. Dise\u00f1os modernos y elegantes Equipos [&hellip;]","og_url":"https:\/\/artefrio.com.ve\/index.php\/exhibicion-refrigerada\/","og_site_name":"Artefrio C.A.","article_modified_time":"2025-04-02T13:17:15+00:00","og_image":[{"width":1540,"height":1154,"url":"https:\/\/artefrio.com.ve\/wp-content\/uploads\/2025\/04\/IMG_20250207_133623.jpg","type":"image\/jpeg"}],"twitter_card":"summary_large_image","twitter_misc":{"Tiempo de lectura":"3 minutos"},"schema":{"@context":"https:\/\/schema.org","@graph":[{"@type":"WebPage","@id":"https:\/\/artefrio.com.ve\/index.php\/exhibicion-refrigerada\/","url":"https:\/\/artefrio.com.ve\/index.php\/exhibicion-refrigerada\/","name":"Exhibici\u00f3n Refrigerada - Artefrio C.A.","isPartOf":{"@id":"https:\/\/artefrio.com.ve\/#website"},"primaryImageOfPage":{"@id":"https:\/\/artefrio.com.ve\/index.php\/exhibicion-refrigerada\/#primaryimage"},"image":{"@id":"https:\/\/artefrio.com.ve\/index.php\/exhibicion-refrigerada\/#primaryimage"},"thumbnailUrl":"https:\/\/artefrio.com.ve\/wp-content\/uploads\/2025\/04\/IMG_20250207_133623-1024x767.jpg","datePublished":"2025-04-01T17:44:56+00:00","dateModified":"2025-04-02T13:17:15+00:00","breadcrumb":{"@id":"https:\/\/artefrio.com.ve\/index.php\/exhibicion-refrigerada\/#breadcrumb"},"inLanguage":"es","potentialAction":[{"@type":"ReadAction","target":["https:\/\/artefrio.com.ve\/index.php\/exhibicion-refrigerada\/"]}]},{"@type":"ImageObject","inLanguage":"es","@id":"https:\/\/artefrio.com.ve\/index.php\/exhibicion-refrigerada\/#primaryimage","url":"https:\/\/artefrio.com.ve\/wp-content\/uploads\/2025\/04\/IMG_20250207_133623.jpg","contentUrl":"https:\/\/artefrio.com.ve\/wp-content\/uploads\/2025\/04\/IMG_20250207_133623.jpg","width":1540,"height":1154},{"@type":"BreadcrumbList","@id":"https:\/\/artefrio.com.ve\/index.php\/exhibicion-refrigerada\/#breadcrumb","itemListElement":[{"@type":"ListItem","position":1,"name":"Portada","item":"https:\/\/artefrio.com.ve\/"},{"@type":"ListItem","position":2,"name":"Exhibici\u00f3n Refrigerada"}]},{"@type":"WebSite","@id":"https:\/\/artefrio.com.ve\/#website","url":"https:\/\/artefrio.com.ve\/","name":"Artefrio C.A.","description":"Refrigeraci\u00f3n Comercial e Industrial","publisher":{"@id":"https:\/\/artefrio.com.ve\/#organization"},"potentialAction":[{"@type":"SearchAction","target":{"@type":"EntryPoint","urlTemplate":"https:\/\/artefrio.com.ve\/?s={search_term_string}"},"query-input":{"@type":"PropertyValueSpecification","valueRequired":true,"valueName":"search_term_string"}}],"inLanguage":"es"},{"@type":"Organization","@id":"https:\/\/artefrio.com.ve\/#organization","name":"Artefrio C.A.","url":"https:\/\/artefrio.com.ve\/","logo":{"@type":"ImageObject","inLanguage":"es","@id":"https:\/\/artefrio.com.ve\/#\/schema\/logo\/image\/","url":"https:\/\/artefrio.com.ve\/wp-content\/uploads\/2024\/07\/Logo-Artefrio-01.png","contentUrl":"https:\/\/artefrio.com.ve\/wp-content\/uploads\/2024\/07\/Logo-Artefrio-01.png","width":2084,"height":686,"caption":"Artefrio C.A."},"image":{"@id":"https:\/\/artefrio.com.ve\/#\/schema\/logo\/image\/"},"sameAs":["https:\/\/www.instagram.com\/artefrio.ca\/"]}]}},"_links":{"self":[{"href":"https:\/\/artefrio.com.ve\/index.php\/wp-json\/wp\/v2\/pages\/257","targetHints":{"allow":["GET"]}}],"collection":[{"href":"https:\/\/artefrio.com.ve\/index.php\/wp-json\/wp\/v2\/pages"}],"about":[{"href":"https:\/\/artefrio.com.ve\/index.php\/wp-json\/wp\/v2\/types\/page"}],"author":[{"embeddable":true,"href":"https:\/\/artefrio.com.ve\/index.php\/wp-json\/wp\/v2\/users\/1"}],"replies":[{"embeddable":true,"href":"https:\/\/artefrio.com.ve\/index.php\/wp-json\/wp\/v2\/comments?post=257"}],"version-history":[{"count":3,"href":"https:\/\/artefrio.com.ve\/index.php\/wp-json\/wp\/v2\/pages\/257\/revisions"}],"predecessor-version":[{"id":339,"href":"https:\/\/artefrio.com.ve\/index.php\/wp-json\/wp\/v2\/pages\/257\/revisions\/339"}],"wp:attachment":[{"href":"https:\/\/artefrio.com.ve\/index.php\/wp-json\/wp\/v2\/media?parent=257"}],"curies":[{"name":"wp","href":"https:\/\/api.w.org\/{rel}","templated":true}]}}