{"id":313,"date":"2025-04-01T14:12:36","date_gmt":"2025-04-01T18:12:36","guid":{"rendered":"https:\/\/artefrio.com.ve\/?page_id=313"},"modified":"2025-04-02T09:17:25","modified_gmt":"2025-04-02T13:17:25","slug":"sectores","status":"publish","type":"page","link":"https:\/\/artefrio.com.ve\/index.php\/sectores\/","title":{"rendered":"Sectores"},"content":{"rendered":"\n<div class=\"wp-block-columns alignwide is-layout-flex wp-container-core-columns-is-layout-28f84493 wp-block-columns-is-layout-flex\">\n<div class=\"wp-block-column is-layout-flow wp-block-column-is-layout-flow\">\n<p>En <strong>Artefrio<\/strong>, ofrecemos soluciones especializadas en <strong>refrigeraci\u00f3n comercial e industrial<\/strong> y <strong>aire acondicionado<\/strong>, dise\u00f1adas para garantizar <strong>eficiencia, durabilidad y ahorro energ\u00e9tico<\/strong> en diferentes sectores.<\/p>\n<\/div>\n\n\n\n<div class=\"wp-block-column is-layout-flow wp-block-column-is-layout-flow\">\n<p>Entendemos que cada industria tiene <strong>necesidades espec\u00edficas<\/strong>, por eso adaptamos nuestros servicios para proporcionar <strong>el mejor rendimiento y conservaci\u00f3n de productos<\/strong> en cualquier entorno.<\/p>\n<\/div>\n<\/div>\n\n\n\n<div class=\"wp-block-group alignfull has-global-padding is-layout-constrained wp-container-core-group-is-layout-d89aad35 wp-block-group-is-layout-constrained\" style=\"margin-top:0;margin-bottom:0;padding-top:var(--wp--preset--spacing--50);padding-right:var(--wp--preset--spacing--50);padding-bottom:var(--wp--preset--spacing--50);padding-left:var(--wp--preset--spacing--50)\">\n<div class=\"wp-block-columns alignwide is-layout-flex wp-container-core-columns-is-layout-1da03c2a wp-block-columns-is-layout-flex\">\n<div class=\"wp-block-column is-vertically-aligned-center is-layout-flow wp-block-column-is-layout-flow\" style=\"flex-basis:60%\">\n<figure class=\"wp-block-image size-full is-style-rounded wp-duotone-unset-2 is-style-rounded--1\"><img loading=\"lazy\" decoding=\"async\" width=\"1279\" height=\"853\" src=\"https:\/\/artefrio.com.ve\/wp-content\/uploads\/2025\/04\/pexels-dbaler-14062140.jpg\" alt=\"\" class=\"wp-image-317\" style=\"aspect-ratio:4\/3;object-fit:cover\" srcset=\"https:\/\/artefrio.com.ve\/wp-content\/uploads\/2025\/04\/pexels-dbaler-14062140.jpg 1279w, https:\/\/artefrio.com.ve\/wp-content\/uploads\/2025\/04\/pexels-dbaler-14062140-300x200.jpg 300w, https:\/\/artefrio.com.ve\/wp-content\/uploads\/2025\/04\/pexels-dbaler-14062140-1024x683.jpg 1024w, https:\/\/artefrio.com.ve\/wp-content\/uploads\/2025\/04\/pexels-dbaler-14062140-768x512.jpg 768w\" sizes=\"auto, (max-width: 1279px) 100vw, 1279px\" \/><\/figure>\n<\/div>\n\n\n\n<div class=\"wp-block-column is-layout-flow wp-block-column-is-layout-flow\" style=\"flex-basis:40%\">\n<h3 class=\"wp-block-heading has-large-font-size\"><strong>Industria Alimentaria y Procesadora<\/strong><\/h3>\n\n\n\n<ul class=\"wp-block-list\">\n<li><strong>Plantas procesadoras de alimentos y bebidas<\/strong>: Soluciones de refrigeraci\u00f3n industrial para la conservaci\u00f3n y producci\u00f3n eficiente.<\/li>\n\n\n\n<li><strong>Plantas de hielo y f\u00e1bricas de helados<\/strong>: Sistemas dise\u00f1ados para mantener temperaturas bajo cero y garantizar calidad.<\/li>\n\n\n\n<li><strong>Procesamiento de carnes y pescados<\/strong>: Cuartos fr\u00edos y sistemas de refrigeraci\u00f3n para productos perecederos.<\/li>\n<\/ul>\n\n\n\n<div class=\"wp-block-buttons is-layout-flex wp-block-buttons-is-layout-flex\">\n<div class=\"wp-block-button\"><a class=\"wp-block-button__link wp-element-button\" href=\"https:\/\/artefrio.com.ve\/index.php\/servicios\/\">NUESTROS SERVICIOS<\/a><\/div>\n<\/div>\n<\/div>\n<\/div>\n<\/div>\n\n\n\n<div class=\"wp-block-group alignfull has-global-padding is-layout-constrained wp-container-core-group-is-layout-d89aad35 wp-block-group-is-layout-constrained\" style=\"margin-top:0;margin-bottom:0;padding-top:var(--wp--preset--spacing--50);padding-right:var(--wp--preset--spacing--50);padding-bottom:var(--wp--preset--spacing--50);padding-left:var(--wp--preset--spacing--50)\">\n<div class=\"wp-block-columns alignwide is-layout-flex wp-container-core-columns-is-layout-1da03c2a wp-block-columns-is-layout-flex\">\n<div class=\"wp-block-column is-layout-flow wp-block-column-is-layout-flow\" style=\"flex-basis:40%\">\n<h3 class=\"wp-block-heading has-large-font-size\"><strong><strong>Comercio y Distribuci\u00f3n de Alimentos<\/strong><\/strong><\/h3>\n\n\n\n<ul class=\"wp-block-list\">\n<li><strong>Supermercados y minimarkets<\/strong>: Exhibici\u00f3n refrigerada para garantizar frescura y atractivo comercial.<\/li>\n\n\n\n<li><strong>Bodegones y abastos<\/strong>: Sistemas de conservaci\u00f3n para bebidas, embutidos y productos congelados.<\/li>\n\n\n\n<li><strong>Panader\u00edas y pasteler\u00edas<\/strong>: Vitrinas y neveras para una exhibici\u00f3n impecable y conservaci\u00f3n de productos.<\/li>\n\n\n\n<li><strong>Licorer\u00edas<\/strong>: Refrigeraci\u00f3n especializada para vinos, cervezas y bebidas premium.<\/li>\n<\/ul>\n\n\n\n<div class=\"wp-block-buttons is-layout-flex wp-block-buttons-is-layout-flex\">\n<div class=\"wp-block-button\"><a class=\"wp-block-button__link wp-element-button\" href=\"https:\/\/artefrio.com.ve\/index.php\/servicios\/\">NUESTROS SERVICIOS<\/a><\/div>\n<\/div>\n<\/div>\n\n\n\n<div class=\"wp-block-column is-vertically-aligned-center is-layout-flow wp-block-column-is-layout-flow\" style=\"flex-basis:60%\">\n<figure class=\"wp-block-image size-full is-style-rounded wp-duotone-unset-4 is-style-rounded--3\"><img loading=\"lazy\" decoding=\"async\" width=\"1280\" height=\"853\" src=\"https:\/\/artefrio.com.ve\/wp-content\/uploads\/2025\/04\/pexels-adrien-olichon-1257089-2537608.jpg\" alt=\"\" class=\"wp-image-320\" style=\"aspect-ratio:4\/3;object-fit:cover\" srcset=\"https:\/\/artefrio.com.ve\/wp-content\/uploads\/2025\/04\/pexels-adrien-olichon-1257089-2537608.jpg 1280w, https:\/\/artefrio.com.ve\/wp-content\/uploads\/2025\/04\/pexels-adrien-olichon-1257089-2537608-300x200.jpg 300w, https:\/\/artefrio.com.ve\/wp-content\/uploads\/2025\/04\/pexels-adrien-olichon-1257089-2537608-1024x682.jpg 1024w, https:\/\/artefrio.com.ve\/wp-content\/uploads\/2025\/04\/pexels-adrien-olichon-1257089-2537608-768x512.jpg 768w\" sizes=\"auto, (max-width: 1280px) 100vw, 1280px\" \/><\/figure>\n<\/div>\n<\/div>\n<\/div>\n\n\n\n<div class=\"wp-block-group alignfull has-global-padding is-layout-constrained wp-container-core-group-is-layout-d89aad35 wp-block-group-is-layout-constrained\" style=\"margin-top:0;margin-bottom:0;padding-top:var(--wp--preset--spacing--50);padding-right:var(--wp--preset--spacing--50);padding-bottom:var(--wp--preset--spacing--50);padding-left:var(--wp--preset--spacing--50)\">\n<div class=\"wp-block-columns alignwide is-layout-flex wp-container-core-columns-is-layout-1da03c2a wp-block-columns-is-layout-flex\">\n<div class=\"wp-block-column is-vertically-aligned-center is-layout-flow wp-block-column-is-layout-flow\" style=\"flex-basis:60%\">\n<figure class=\"wp-block-image size-full is-style-rounded wp-duotone-unset-6 is-style-rounded--5\"><img loading=\"lazy\" decoding=\"async\" width=\"1280\" height=\"853\" src=\"https:\/\/artefrio.com.ve\/wp-content\/uploads\/2025\/04\/pexels-life-of-pix-67468.jpg\" alt=\"\" class=\"wp-image-321\" style=\"aspect-ratio:4\/3;object-fit:cover\" srcset=\"https:\/\/artefrio.com.ve\/wp-content\/uploads\/2025\/04\/pexels-life-of-pix-67468.jpg 1280w, https:\/\/artefrio.com.ve\/wp-content\/uploads\/2025\/04\/pexels-life-of-pix-67468-300x200.jpg 300w, https:\/\/artefrio.com.ve\/wp-content\/uploads\/2025\/04\/pexels-life-of-pix-67468-1024x682.jpg 1024w, https:\/\/artefrio.com.ve\/wp-content\/uploads\/2025\/04\/pexels-life-of-pix-67468-768x512.jpg 768w\" sizes=\"auto, (max-width: 1280px) 100vw, 1280px\" \/><\/figure>\n<\/div>\n\n\n\n<div class=\"wp-block-column is-layout-flow wp-block-column-is-layout-flow\" style=\"flex-basis:40%\">\n<h3 class=\"wp-block-heading has-large-font-size\"><strong><strong>Hospitalidad y Consumo Masivo<\/strong><\/strong><\/h3>\n\n\n\n<ul class=\"wp-block-list\">\n<li><strong>Hoteles y restaurantes<\/strong>: Sistemas de refrigeraci\u00f3n y climatizaci\u00f3n para cocina, almacenamiento y confort de clientes.<\/li>\n\n\n\n<li><strong>Cafeter\u00edas y charcuter\u00edas<\/strong>: Vitrinas y exhibici\u00f3n refrigerada para mejorar la experiencia de compra.<\/li>\n<\/ul>\n\n\n\n<div class=\"wp-block-buttons is-layout-flex wp-block-buttons-is-layout-flex\">\n<div class=\"wp-block-button\"><a class=\"wp-block-button__link wp-element-button\" href=\"https:\/\/artefrio.com.ve\/index.php\/servicios\/\">NUESTROS SERVICIOS<\/a><\/div>\n<\/div>\n<\/div>\n<\/div>\n<\/div>\n\n\n\n<div class=\"wp-block-group alignfull has-global-padding is-layout-constrained wp-container-core-group-is-layout-d89aad35 wp-block-group-is-layout-constrained\" style=\"margin-top:0;margin-bottom:0;padding-top:var(--wp--preset--spacing--50);padding-right:var(--wp--preset--spacing--50);padding-bottom:var(--wp--preset--spacing--50);padding-left:var(--wp--preset--spacing--50)\">\n<div class=\"wp-block-columns alignwide is-layout-flex wp-container-core-columns-is-layout-1da03c2a wp-block-columns-is-layout-flex\">\n<div class=\"wp-block-column is-layout-flow wp-block-column-is-layout-flow\" style=\"flex-basis:40%\">\n<h3 class=\"wp-block-heading has-large-font-size\"><strong><strong><strong>Sector Farmac\u00e9utico y de Salud<\/strong><\/strong><\/strong><\/h3>\n\n\n\n<ul class=\"wp-block-list\">\n<li><strong>Farmacias y laboratorios<\/strong>: Equipos de refrigeraci\u00f3n para almacenamiento seguro de medicamentos y muestras.<\/li>\n\n\n\n<li><strong>Hospitales y cl\u00ednicas<\/strong>: Sistemas de aire acondicionado industrial para garantizar ambientes controlados.<\/li>\n<\/ul>\n\n\n\n<div class=\"wp-block-buttons is-layout-flex wp-block-buttons-is-layout-flex\">\n<div class=\"wp-block-button\"><a class=\"wp-block-button__link wp-element-button\" href=\"https:\/\/artefrio.com.ve\/index.php\/servicios\/\">NUESTROS SERVICIOS<\/a><\/div>\n<\/div>\n<\/div>\n\n\n\n<div class=\"wp-block-column is-vertically-aligned-center is-layout-flow wp-block-column-is-layout-flow\" style=\"flex-basis:60%\">\n<figure class=\"wp-block-image size-full is-style-rounded wp-duotone-unset-8 is-style-rounded--7\"><img loading=\"lazy\" decoding=\"async\" width=\"1280\" height=\"848\" src=\"https:\/\/artefrio.com.ve\/wp-content\/uploads\/2025\/04\/pexels-pixabay-236380.jpg\" alt=\"\" class=\"wp-image-319\" style=\"aspect-ratio:4\/3;object-fit:cover\" srcset=\"https:\/\/artefrio.com.ve\/wp-content\/uploads\/2025\/04\/pexels-pixabay-236380.jpg 1280w, https:\/\/artefrio.com.ve\/wp-content\/uploads\/2025\/04\/pexels-pixabay-236380-300x199.jpg 300w, https:\/\/artefrio.com.ve\/wp-content\/uploads\/2025\/04\/pexels-pixabay-236380-1024x678.jpg 1024w, https:\/\/artefrio.com.ve\/wp-content\/uploads\/2025\/04\/pexels-pixabay-236380-768x509.jpg 768w\" sizes=\"auto, (max-width: 1280px) 100vw, 1280px\" \/><\/figure>\n<\/div>\n<\/div>\n<\/div>\n\n\n\n<div class=\"wp-block-group alignfull has-global-padding is-layout-constrained wp-container-core-group-is-layout-d89aad35 wp-block-group-is-layout-constrained\" style=\"margin-top:0;margin-bottom:0;padding-top:var(--wp--preset--spacing--50);padding-right:var(--wp--preset--spacing--50);padding-bottom:var(--wp--preset--spacing--50);padding-left:var(--wp--preset--spacing--50)\">\n<div class=\"wp-block-columns alignwide is-layout-flex wp-container-core-columns-is-layout-1da03c2a wp-block-columns-is-layout-flex\">\n<div class=\"wp-block-column is-vertically-aligned-center is-layout-flow wp-block-column-is-layout-flow\" style=\"flex-basis:60%\">\n<figure class=\"wp-block-image size-full is-style-rounded wp-duotone-unset-10 is-style-rounded--9\"><img loading=\"lazy\" decoding=\"async\" width=\"1280\" height=\"853\" src=\"https:\/\/artefrio.com.ve\/wp-content\/uploads\/2025\/04\/pexels-tiger-lily-4487382.jpg\" alt=\"\" class=\"wp-image-322\" style=\"aspect-ratio:4\/3;object-fit:cover\" srcset=\"https:\/\/artefrio.com.ve\/wp-content\/uploads\/2025\/04\/pexels-tiger-lily-4487382.jpg 1280w, https:\/\/artefrio.com.ve\/wp-content\/uploads\/2025\/04\/pexels-tiger-lily-4487382-300x200.jpg 300w, https:\/\/artefrio.com.ve\/wp-content\/uploads\/2025\/04\/pexels-tiger-lily-4487382-1024x682.jpg 1024w, https:\/\/artefrio.com.ve\/wp-content\/uploads\/2025\/04\/pexels-tiger-lily-4487382-768x512.jpg 768w\" sizes=\"auto, (max-width: 1280px) 100vw, 1280px\" \/><\/figure>\n<\/div>\n\n\n\n<div class=\"wp-block-column is-layout-flow wp-block-column-is-layout-flow\" style=\"flex-basis:40%\">\n<h3 class=\"wp-block-heading has-large-font-size\"><strong><strong><strong>Log\u00edstica y Almacenamiento<\/strong><\/strong><\/strong><\/h3>\n\n\n\n<ul class=\"wp-block-list\">\n<li><strong>Centros de distribuci\u00f3n refrigerada<\/strong>: Cuartos fr\u00edos y sistemas de conservaci\u00f3n para cadenas de suministro eficientes.<\/li>\n<\/ul>\n\n\n\n<div class=\"wp-block-buttons is-layout-flex wp-block-buttons-is-layout-flex\">\n<div class=\"wp-block-button\"><a class=\"wp-block-button__link wp-element-button\" href=\"https:\/\/artefrio.com.ve\/index.php\/servicios\/\">NUESTROS SERVICIOS<\/a><\/div>\n<\/div>\n<\/div>\n<\/div>\n<\/div>\n\n\n\n<div class=\"wp-block-group alignfull has-global-padding is-layout-constrained wp-container-core-group-is-layout-d89aad35 wp-block-group-is-layout-constrained\" style=\"margin-top:0;margin-bottom:0;padding-top:var(--wp--preset--spacing--50);padding-right:var(--wp--preset--spacing--50);padding-bottom:var(--wp--preset--spacing--50);padding-left:var(--wp--preset--spacing--50)\">\n<div class=\"wp-block-group alignwide has-base-2-background-color has-background has-global-padding is-layout-constrained wp-container-core-group-is-layout-39412042 wp-block-group-is-layout-constrained\" style=\"border-radius:16px;padding-top:var(--wp--preset--spacing--40);padding-right:var(--wp--preset--spacing--50);padding-bottom:var(--wp--preset--spacing--40);padding-left:var(--wp--preset--spacing--50)\">\n<div style=\"height:var(--wp--preset--spacing--10)\" aria-hidden=\"true\" class=\"wp-block-spacer\"><\/div>\n\n\n\n<h2 class=\"wp-block-heading has-text-align-center has-x-large-font-size\"><strong>\u00a1Hablemos sobre tu proyecto!<\/strong><\/h2>\n\n\n\n<p class=\"has-text-align-center\">En Artefrio tenemos la experiencia y los equipos adecuados para brindarle a tu negocio una <strong>soluci\u00f3n confiable <\/strong>en Refrigeraci\u00f3n y Aire Acondicionado.<\/p>\n\n\n\n<div class=\"wp-block-buttons is-content-justification-center is-layout-flex wp-container-core-buttons-is-layout-a89b3969 wp-block-buttons-is-layout-flex\">\n<div class=\"wp-block-button\"><a class=\"wp-block-button__link wp-element-button\" href=\"https:\/\/artefrio.com.ve\/index.php\/contacto\/\">CONT\u00c1CTANOS<\/a><\/div>\n<\/div>\n\n\n\n<div style=\"height:var(--wp--preset--spacing--10)\" aria-hidden=\"true\" class=\"wp-block-spacer\"><\/div>\n<\/div>\n<\/div>\n\n\n\n<p><\/p>\n","protected":false},"excerpt":{"rendered":"<p>En Artefrio, ofrecemos soluciones especializadas en refrigeraci\u00f3n comercial e industrial y aire acondicionado, dise\u00f1adas para garantizar eficiencia, durabilidad y ahorro energ\u00e9tico en diferentes sectores. Entendemos que cada industria tiene necesidades espec\u00edficas, por eso adaptamos nuestros servicios para proporcionar el mejor rendimiento y conservaci\u00f3n de productos en cualquier entorno. Industria Alimentaria y Procesadora Comercio y Distribuci\u00f3n [&hellip;]<\/p>\n","protected":false},"author":1,"featured_media":0,"parent":0,"menu_order":0,"comment_status":"closed","ping_status":"closed","template":"","meta":{"footnotes":""},"class_list":["post-313","page","type-page","status-publish","hentry"],"yoast_head":"<!-- This site is optimized with the Yoast SEO plugin v27.6 - https:\/\/yoast.com\/product\/yoast-seo-wordpress\/ -->\n<title>Sectores - Artefrio C.A.<\/title>\n<meta name=\"robots\" content=\"index, follow, max-snippet:-1, max-image-preview:large, max-video-preview:-1\" \/>\n<link rel=\"canonical\" href=\"https:\/\/artefrio.com.ve\/index.php\/sectores\/\" \/>\n<meta property=\"og:locale\" content=\"es_ES\" \/>\n<meta property=\"og:type\" content=\"article\" \/>\n<meta property=\"og:title\" content=\"Sectores - Artefrio C.A.\" \/>\n<meta property=\"og:description\" content=\"En Artefrio, ofrecemos soluciones especializadas en refrigeraci\u00f3n comercial e industrial y aire acondicionado, dise\u00f1adas para garantizar eficiencia, durabilidad y ahorro energ\u00e9tico en diferentes sectores. Entendemos que cada industria tiene necesidades espec\u00edficas, por eso adaptamos nuestros servicios para proporcionar el mejor rendimiento y conservaci\u00f3n de productos en cualquier entorno. Industria Alimentaria y Procesadora Comercio y Distribuci\u00f3n [&hellip;]\" \/>\n<meta property=\"og:url\" content=\"https:\/\/artefrio.com.ve\/index.php\/sectores\/\" \/>\n<meta property=\"og:site_name\" content=\"Artefrio C.A.\" \/>\n<meta property=\"article:modified_time\" content=\"2025-04-02T13:17:25+00:00\" \/>\n<meta property=\"og:image\" content=\"https:\/\/artefrio.com.ve\/wp-content\/uploads\/2025\/04\/pexels-dbaler-14062140.jpg\" \/>\n\t<meta property=\"og:image:width\" content=\"1279\" \/>\n\t<meta property=\"og:image:height\" content=\"853\" \/>\n\t<meta property=\"og:image:type\" content=\"image\/jpeg\" \/>\n<meta name=\"twitter:card\" content=\"summary_large_image\" \/>\n<meta name=\"twitter:label1\" content=\"Tiempo de lectura\" \/>\n\t<meta name=\"twitter:data1\" content=\"3 minutos\" \/>\n<script type=\"application\/ld+json\" class=\"yoast-schema-graph\">{\"@context\":\"https:\\\/\\\/schema.org\",\"@graph\":[{\"@type\":\"WebPage\",\"@id\":\"https:\\\/\\\/artefrio.com.ve\\\/index.php\\\/sectores\\\/\",\"url\":\"https:\\\/\\\/artefrio.com.ve\\\/index.php\\\/sectores\\\/\",\"name\":\"Sectores - Artefrio C.A.\",\"isPartOf\":{\"@id\":\"https:\\\/\\\/artefrio.com.ve\\\/#website\"},\"primaryImageOfPage\":{\"@id\":\"https:\\\/\\\/artefrio.com.ve\\\/index.php\\\/sectores\\\/#primaryimage\"},\"image\":{\"@id\":\"https:\\\/\\\/artefrio.com.ve\\\/index.php\\\/sectores\\\/#primaryimage\"},\"thumbnailUrl\":\"https:\\\/\\\/artefrio.com.ve\\\/wp-content\\\/uploads\\\/2025\\\/04\\\/pexels-dbaler-14062140.jpg\",\"datePublished\":\"2025-04-01T18:12:36+00:00\",\"dateModified\":\"2025-04-02T13:17:25+00:00\",\"breadcrumb\":{\"@id\":\"https:\\\/\\\/artefrio.com.ve\\\/index.php\\\/sectores\\\/#breadcrumb\"},\"inLanguage\":\"es\",\"potentialAction\":[{\"@type\":\"ReadAction\",\"target\":[\"https:\\\/\\\/artefrio.com.ve\\\/index.php\\\/sectores\\\/\"]}]},{\"@type\":\"ImageObject\",\"inLanguage\":\"es\",\"@id\":\"https:\\\/\\\/artefrio.com.ve\\\/index.php\\\/sectores\\\/#primaryimage\",\"url\":\"https:\\\/\\\/artefrio.com.ve\\\/wp-content\\\/uploads\\\/2025\\\/04\\\/pexels-dbaler-14062140.jpg\",\"contentUrl\":\"https:\\\/\\\/artefrio.com.ve\\\/wp-content\\\/uploads\\\/2025\\\/04\\\/pexels-dbaler-14062140.jpg\",\"width\":1279,\"height\":853},{\"@type\":\"BreadcrumbList\",\"@id\":\"https:\\\/\\\/artefrio.com.ve\\\/index.php\\\/sectores\\\/#breadcrumb\",\"itemListElement\":[{\"@type\":\"ListItem\",\"position\":1,\"name\":\"Portada\",\"item\":\"https:\\\/\\\/artefrio.com.ve\\\/\"},{\"@type\":\"ListItem\",\"position\":2,\"name\":\"Sectores\"}]},{\"@type\":\"WebSite\",\"@id\":\"https:\\\/\\\/artefrio.com.ve\\\/#website\",\"url\":\"https:\\\/\\\/artefrio.com.ve\\\/\",\"name\":\"Artefrio C.A.\",\"description\":\"Refrigeraci\u00f3n Comercial e Industrial\",\"publisher\":{\"@id\":\"https:\\\/\\\/artefrio.com.ve\\\/#organization\"},\"potentialAction\":[{\"@type\":\"SearchAction\",\"target\":{\"@type\":\"EntryPoint\",\"urlTemplate\":\"https:\\\/\\\/artefrio.com.ve\\\/?s={search_term_string}\"},\"query-input\":{\"@type\":\"PropertyValueSpecification\",\"valueRequired\":true,\"valueName\":\"search_term_string\"}}],\"inLanguage\":\"es\"},{\"@type\":\"Organization\",\"@id\":\"https:\\\/\\\/artefrio.com.ve\\\/#organization\",\"name\":\"Artefrio C.A.\",\"url\":\"https:\\\/\\\/artefrio.com.ve\\\/\",\"logo\":{\"@type\":\"ImageObject\",\"inLanguage\":\"es\",\"@id\":\"https:\\\/\\\/artefrio.com.ve\\\/#\\\/schema\\\/logo\\\/image\\\/\",\"url\":\"https:\\\/\\\/artefrio.com.ve\\\/wp-content\\\/uploads\\\/2024\\\/07\\\/Logo-Artefrio-01.png\",\"contentUrl\":\"https:\\\/\\\/artefrio.com.ve\\\/wp-content\\\/uploads\\\/2024\\\/07\\\/Logo-Artefrio-01.png\",\"width\":2084,\"height\":686,\"caption\":\"Artefrio C.A.\"},\"image\":{\"@id\":\"https:\\\/\\\/artefrio.com.ve\\\/#\\\/schema\\\/logo\\\/image\\\/\"},\"sameAs\":[\"https:\\\/\\\/www.instagram.com\\\/artefrio.ca\\\/\"]}]}<\/script>\n<!-- \/ Yoast SEO plugin. -->","yoast_head_json":{"title":"Sectores - Artefrio C.A.","robots":{"index":"index","follow":"follow","max-snippet":"max-snippet:-1","max-image-preview":"max-image-preview:large","max-video-preview":"max-video-preview:-1"},"canonical":"https:\/\/artefrio.com.ve\/index.php\/sectores\/","og_locale":"es_ES","og_type":"article","og_title":"Sectores - Artefrio C.A.","og_description":"En Artefrio, ofrecemos soluciones especializadas en refrigeraci\u00f3n comercial e industrial y aire acondicionado, dise\u00f1adas para garantizar eficiencia, durabilidad y ahorro energ\u00e9tico en diferentes sectores. Entendemos que cada industria tiene necesidades espec\u00edficas, por eso adaptamos nuestros servicios para proporcionar el mejor rendimiento y conservaci\u00f3n de productos en cualquier entorno. Industria Alimentaria y Procesadora Comercio y Distribuci\u00f3n [&hellip;]","og_url":"https:\/\/artefrio.com.ve\/index.php\/sectores\/","og_site_name":"Artefrio C.A.","article_modified_time":"2025-04-02T13:17:25+00:00","og_image":[{"width":1279,"height":853,"url":"https:\/\/artefrio.com.ve\/wp-content\/uploads\/2025\/04\/pexels-dbaler-14062140.jpg","type":"image\/jpeg"}],"twitter_card":"summary_large_image","twitter_misc":{"Tiempo de lectura":"3 minutos"},"schema":{"@context":"https:\/\/schema.org","@graph":[{"@type":"WebPage","@id":"https:\/\/artefrio.com.ve\/index.php\/sectores\/","url":"https:\/\/artefrio.com.ve\/index.php\/sectores\/","name":"Sectores - Artefrio C.A.","isPartOf":{"@id":"https:\/\/artefrio.com.ve\/#website"},"primaryImageOfPage":{"@id":"https:\/\/artefrio.com.ve\/index.php\/sectores\/#primaryimage"},"image":{"@id":"https:\/\/artefrio.com.ve\/index.php\/sectores\/#primaryimage"},"thumbnailUrl":"https:\/\/artefrio.com.ve\/wp-content\/uploads\/2025\/04\/pexels-dbaler-14062140.jpg","datePublished":"2025-04-01T18:12:36+00:00","dateModified":"2025-04-02T13:17:25+00:00","breadcrumb":{"@id":"https:\/\/artefrio.com.ve\/index.php\/sectores\/#breadcrumb"},"inLanguage":"es","potentialAction":[{"@type":"ReadAction","target":["https:\/\/artefrio.com.ve\/index.php\/sectores\/"]}]},{"@type":"ImageObject","inLanguage":"es","@id":"https:\/\/artefrio.com.ve\/index.php\/sectores\/#primaryimage","url":"https:\/\/artefrio.com.ve\/wp-content\/uploads\/2025\/04\/pexels-dbaler-14062140.jpg","contentUrl":"https:\/\/artefrio.com.ve\/wp-content\/uploads\/2025\/04\/pexels-dbaler-14062140.jpg","width":1279,"height":853},{"@type":"BreadcrumbList","@id":"https:\/\/artefrio.com.ve\/index.php\/sectores\/#breadcrumb","itemListElement":[{"@type":"ListItem","position":1,"name":"Portada","item":"https:\/\/artefrio.com.ve\/"},{"@type":"ListItem","position":2,"name":"Sectores"}]},{"@type":"WebSite","@id":"https:\/\/artefrio.com.ve\/#website","url":"https:\/\/artefrio.com.ve\/","name":"Artefrio C.A.","description":"Refrigeraci\u00f3n Comercial e Industrial","publisher":{"@id":"https:\/\/artefrio.com.ve\/#organization"},"potentialAction":[{"@type":"SearchAction","target":{"@type":"EntryPoint","urlTemplate":"https:\/\/artefrio.com.ve\/?s={search_term_string}"},"query-input":{"@type":"PropertyValueSpecification","valueRequired":true,"valueName":"search_term_string"}}],"inLanguage":"es"},{"@type":"Organization","@id":"https:\/\/artefrio.com.ve\/#organization","name":"Artefrio C.A.","url":"https:\/\/artefrio.com.ve\/","logo":{"@type":"ImageObject","inLanguage":"es","@id":"https:\/\/artefrio.com.ve\/#\/schema\/logo\/image\/","url":"https:\/\/artefrio.com.ve\/wp-content\/uploads\/2024\/07\/Logo-Artefrio-01.png","contentUrl":"https:\/\/artefrio.com.ve\/wp-content\/uploads\/2024\/07\/Logo-Artefrio-01.png","width":2084,"height":686,"caption":"Artefrio C.A."},"image":{"@id":"https:\/\/artefrio.com.ve\/#\/schema\/logo\/image\/"},"sameAs":["https:\/\/www.instagram.com\/artefrio.ca\/"]}]}},"_links":{"self":[{"href":"https:\/\/artefrio.com.ve\/index.php\/wp-json\/wp\/v2\/pages\/313","targetHints":{"allow":["GET"]}}],"collection":[{"href":"https:\/\/artefrio.com.ve\/index.php\/wp-json\/wp\/v2\/pages"}],"about":[{"href":"https:\/\/artefrio.com.ve\/index.php\/wp-json\/wp\/v2\/types\/page"}],"author":[{"embeddable":true,"href":"https:\/\/artefrio.com.ve\/index.php\/wp-json\/wp\/v2\/users\/1"}],"replies":[{"embeddable":true,"href":"https:\/\/artefrio.com.ve\/index.php\/wp-json\/wp\/v2\/comments?post=313"}],"version-history":[{"count":3,"href":"https:\/\/artefrio.com.ve\/index.php\/wp-json\/wp\/v2\/pages\/313\/revisions"}],"predecessor-version":[{"id":331,"href":"https:\/\/artefrio.com.ve\/index.php\/wp-json\/wp\/v2\/pages\/313\/revisions\/331"}],"wp:attachment":[{"href":"https:\/\/artefrio.com.ve\/index.php\/wp-json\/wp\/v2\/media?parent=313"}],"curies":[{"name":"wp","href":"https:\/\/api.w.org\/{rel}","templated":true}]}}