{"id":9,"date":"2024-07-31T13:43:26","date_gmt":"2024-07-31T17:43:26","guid":{"rendered":"https:\/\/artefrio.com.ve\/?page_id=9"},"modified":"2025-04-02T09:17:50","modified_gmt":"2025-04-02T13:17:50","slug":"nosotros","status":"publish","type":"page","link":"https:\/\/artefrio.com.ve\/index.php\/nosotros\/","title":{"rendered":"Nosotros"},"content":{"rendered":"\n<div class=\"wp-block-group alignfull has-global-padding is-layout-constrained wp-container-core-group-is-layout-d89aad35 wp-block-group-is-layout-constrained\" style=\"margin-top:0;margin-bottom:0;padding-top:var(--wp--preset--spacing--50);padding-right:var(--wp--preset--spacing--50);padding-bottom:var(--wp--preset--spacing--50);padding-left:var(--wp--preset--spacing--50)\">\n<div class=\"wp-block-columns alignwide is-layout-flex wp-container-core-columns-is-layout-1da03c2a wp-block-columns-is-layout-flex\">\n<div class=\"wp-block-column is-vertically-aligned-center is-layout-flow wp-block-column-is-layout-flow\" style=\"flex-basis:60%\">\n<figure class=\"wp-block-image size-full is-style-rounded wp-duotone-duotone-1 is-style-rounded--1\"><img loading=\"lazy\" decoding=\"async\" width=\"1280\" height=\"2009\" src=\"https:\/\/artefrio.com.ve\/wp-content\/uploads\/2025\/04\/pexels-thai-nguy-n-613805762-19431067.jpg\" alt=\"\" class=\"wp-image-352\" srcset=\"https:\/\/artefrio.com.ve\/wp-content\/uploads\/2025\/04\/pexels-thai-nguy-n-613805762-19431067.jpg 1280w, https:\/\/artefrio.com.ve\/wp-content\/uploads\/2025\/04\/pexels-thai-nguy-n-613805762-19431067-191x300.jpg 191w, https:\/\/artefrio.com.ve\/wp-content\/uploads\/2025\/04\/pexels-thai-nguy-n-613805762-19431067-652x1024.jpg 652w, https:\/\/artefrio.com.ve\/wp-content\/uploads\/2025\/04\/pexels-thai-nguy-n-613805762-19431067-768x1205.jpg 768w, https:\/\/artefrio.com.ve\/wp-content\/uploads\/2025\/04\/pexels-thai-nguy-n-613805762-19431067-979x1536.jpg 979w\" sizes=\"auto, (max-width: 1280px) 100vw, 1280px\" \/><\/figure>\n<\/div>\n\n\n\n<div class=\"wp-block-column is-vertically-aligned-center is-layout-flow wp-block-column-is-layout-flow\" style=\"flex-basis:40%\">\n<h2 class=\"wp-block-heading has-x-large-font-size\"><strong>Somos Artefrio <\/strong><\/h2>\n\n\n\n<p>En <strong>Artefrio<\/strong>, nos especializamos en soluciones de <strong>refrigeraci\u00f3n comercial e industrial<\/strong>, ofreciendo servicios de <strong>instalaci\u00f3n, mantenimiento preventivo y correctivo<\/strong> con altos est\u00e1ndares de calidad. Construimos relaciones de confianza con nuestros clientes, asegurando que cada sistema funcione con <strong>m\u00e1xima eficiencia, durabilidad y sostenibilidad<\/strong>.<\/p>\n\n\n\n<p>Atendemos a una amplia gama de sectores, incluyendo <strong>almacenes refrigerados, plantas procesadoras de alimentos, embotelladoras, supermercados, restaurantes, hoteles, farmacias<\/strong> y m\u00e1s. Nuestra experiencia nos permite adaptar soluciones a las necesidades espec\u00edficas de cada industria, garantizando la conservaci\u00f3n \u00f3ptima de productos y el rendimiento energ\u00e9tico eficiente.<\/p>\n<\/div>\n<\/div>\n<\/div>\n\n\n\n<div class=\"wp-block-group alignfull has-base-2-background-color has-background has-global-padding is-layout-constrained wp-container-core-group-is-layout-d89aad35 wp-block-group-is-layout-constrained\" style=\"margin-top:0;margin-bottom:0;padding-top:var(--wp--preset--spacing--50);padding-right:var(--wp--preset--spacing--50);padding-bottom:var(--wp--preset--spacing--50);padding-left:var(--wp--preset--spacing--50)\">\n<div class=\"wp-block-group alignwide has-global-padding is-layout-constrained wp-container-core-group-is-layout-19e250f3 wp-block-group-is-layout-constrained\">\n<div style=\"height:var(--wp--preset--spacing--40)\" aria-hidden=\"true\" class=\"wp-block-spacer\"><\/div>\n\n\n\n<div class=\"wp-block-columns alignwide is-layout-flex wp-container-core-columns-is-layout-d1c656ed wp-block-columns-is-layout-flex\">\n<div class=\"wp-block-column is-vertically-aligned-center is-layout-flow wp-block-column-is-layout-flow\" style=\"flex-basis:40%\">\n<h2 class=\"wp-block-heading is-style-default has-x-large-font-size\"><strong>Misi\u00f3n<\/strong><\/h2>\n\n\n\n<p>Ofrecer <strong>soluciones de refrigeraci\u00f3n comercial e industrial innovadoras y sostenibles<\/strong>, enfocadas en la <strong>eficiencia, seguridad y confiabilidad<\/strong>. Nos comprometemos a satisfacer las necesidades de nuestros clientes con un servicio de alta calidad, asegurando el cumplimiento de normativas y promoviendo el <strong>desarrollo responsable del sector<\/strong>.<\/p>\n<\/div>\n\n\n\n<div class=\"wp-block-column is-layout-flow wp-block-column-is-layout-flow\" style=\"flex-basis:50%\">\n<figure class=\"wp-block-image size-full is-style-rounded is-style-rounded--2\"><img loading=\"lazy\" decoding=\"async\" width=\"1025\" height=\"1025\" src=\"https:\/\/artefrio.com.ve\/wp-content\/uploads\/2024\/07\/Nosotros-04.png\" alt=\"\" class=\"wp-image-113\" srcset=\"https:\/\/artefrio.com.ve\/wp-content\/uploads\/2024\/07\/Nosotros-04.png 1025w, https:\/\/artefrio.com.ve\/wp-content\/uploads\/2024\/07\/Nosotros-04-300x300.png 300w, https:\/\/artefrio.com.ve\/wp-content\/uploads\/2024\/07\/Nosotros-04-150x150.png 150w, https:\/\/artefrio.com.ve\/wp-content\/uploads\/2024\/07\/Nosotros-04-768x768.png 768w\" sizes=\"auto, (max-width: 1025px) 100vw, 1025px\" \/><\/figure>\n<\/div>\n<\/div>\n\n\n\n<div style=\"height:var(--wp--preset--spacing--40)\" aria-hidden=\"true\" class=\"wp-block-spacer\"><\/div>\n\n\n\n<div class=\"wp-block-columns alignwide is-layout-flex wp-container-core-columns-is-layout-d1c656ed wp-block-columns-is-layout-flex\">\n<div class=\"wp-block-column is-layout-flow wp-block-column-is-layout-flow\" style=\"flex-basis:50%\">\n<figure class=\"wp-block-image size-full is-style-rounded is-style-rounded--3\"><img loading=\"lazy\" decoding=\"async\" width=\"1025\" height=\"1025\" src=\"https:\/\/artefrio.com.ve\/wp-content\/uploads\/2024\/07\/Nosotros-05.png\" alt=\"\" class=\"wp-image-112\" srcset=\"https:\/\/artefrio.com.ve\/wp-content\/uploads\/2024\/07\/Nosotros-05.png 1025w, https:\/\/artefrio.com.ve\/wp-content\/uploads\/2024\/07\/Nosotros-05-300x300.png 300w, https:\/\/artefrio.com.ve\/wp-content\/uploads\/2024\/07\/Nosotros-05-150x150.png 150w, https:\/\/artefrio.com.ve\/wp-content\/uploads\/2024\/07\/Nosotros-05-768x768.png 768w\" sizes=\"auto, (max-width: 1025px) 100vw, 1025px\" \/><\/figure>\n<\/div>\n\n\n\n<div class=\"wp-block-column is-vertically-aligned-center is-layout-flow wp-block-column-is-layout-flow\" style=\"flex-basis:40%\">\n<h2 class=\"wp-block-heading is-style-default\"><strong>Visi\u00f3n<\/strong><\/h2>\n\n\n\n<p>Ser la empresa <strong>referente y l\u00edder<\/strong> en refrigeraci\u00f3n comercial e industrial en Venezuela, reconocida por la <strong>excelencia en instalaci\u00f3n y mantenimiento de equipos<\/strong>. Aspiramos a contribuir al crecimiento del sector con soluciones avanzadas que <strong>optimizan el consumo energ\u00e9tico, prolongan la vida \u00fatil de los sistemas<\/strong> y garantizan el mejor desempe\u00f1o de cada instalaci\u00f3n.<\/p>\n<\/div>\n<\/div>\n<\/div>\n<\/div>\n\n\n\n<div class=\"wp-block-group alignfull has-base-2-background-color has-background has-global-padding is-layout-constrained wp-container-core-group-is-layout-669513ed wp-block-group-is-layout-constrained\" style=\"margin-top:0;margin-bottom:0;padding-top:var(--wp--preset--spacing--50);padding-right:var(--wp--preset--spacing--50);padding-bottom:var(--wp--preset--spacing--50);padding-left:var(--wp--preset--spacing--50)\">\n<div class=\"wp-block-group is-vertical is-content-justification-center is-layout-flex wp-container-core-group-is-layout-ce155fab wp-block-group-is-layout-flex\">\n<h2 class=\"wp-block-heading has-text-align-center has-x-large-font-size\"><strong>Nuestros Valores<\/strong><\/h2>\n\n\n\n<div style=\"height:40px\" aria-hidden=\"true\" class=\"wp-block-spacer wp-container-content-28f0cd9b\"><\/div>\n<\/div>\n\n\n\n<div class=\"wp-block-columns alignwide is-layout-flex wp-container-core-columns-is-layout-4935966c wp-block-columns-is-layout-flex\" style=\"padding-right:0;padding-left:0\">\n<div class=\"wp-block-column is-layout-flow wp-block-column-is-layout-flow\">\n<figure class=\"wp-block-image size-full is-style-rounded is-style-rounded--4\"><img loading=\"lazy\" decoding=\"async\" width=\"1025\" height=\"1025\" src=\"https:\/\/artefrio.com.ve\/wp-content\/uploads\/2024\/07\/Nosotros-01.png\" alt=\"\" class=\"wp-image-106\" style=\"aspect-ratio:1;object-fit:cover\" srcset=\"https:\/\/artefrio.com.ve\/wp-content\/uploads\/2024\/07\/Nosotros-01.png 1025w, https:\/\/artefrio.com.ve\/wp-content\/uploads\/2024\/07\/Nosotros-01-300x300.png 300w, https:\/\/artefrio.com.ve\/wp-content\/uploads\/2024\/07\/Nosotros-01-150x150.png 150w, https:\/\/artefrio.com.ve\/wp-content\/uploads\/2024\/07\/Nosotros-01-768x768.png 768w\" sizes=\"auto, (max-width: 1025px) 100vw, 1025px\" \/><\/figure>\n\n\n\n<div class=\"wp-block-group is-vertical is-content-justification-center is-nowrap is-layout-flex wp-container-core-group-is-layout-21d4e958 wp-block-group-is-layout-flex\">\n<p class=\"has-text-align-center has-small-font-size\"><strong>Responsabilidad<\/strong><\/p>\n\n\n\n<p class=\"has-text-align-center has-small-font-size\">Cumplimos con los tiempos y necesidades de cada cliente, asegurando calidad en cada proyecto.<\/p>\n<\/div>\n<\/div>\n\n\n\n<div class=\"wp-block-column is-layout-flow wp-block-column-is-layout-flow\">\n<figure class=\"wp-block-image size-full is-style-rounded is-style-rounded--5\"><img loading=\"lazy\" decoding=\"async\" width=\"1025\" height=\"1025\" src=\"https:\/\/artefrio.com.ve\/wp-content\/uploads\/2024\/07\/Nosotros-02.png\" alt=\"\" class=\"wp-image-107\" style=\"aspect-ratio:1;object-fit:cover\" srcset=\"https:\/\/artefrio.com.ve\/wp-content\/uploads\/2024\/07\/Nosotros-02.png 1025w, https:\/\/artefrio.com.ve\/wp-content\/uploads\/2024\/07\/Nosotros-02-300x300.png 300w, https:\/\/artefrio.com.ve\/wp-content\/uploads\/2024\/07\/Nosotros-02-150x150.png 150w, https:\/\/artefrio.com.ve\/wp-content\/uploads\/2024\/07\/Nosotros-02-768x768.png 768w\" sizes=\"auto, (max-width: 1025px) 100vw, 1025px\" \/><\/figure>\n\n\n\n<div class=\"wp-block-group is-vertical is-content-justification-center is-nowrap is-layout-flex wp-container-core-group-is-layout-63bfd6c1 wp-block-group-is-layout-flex\">\n<p class=\"has-text-align-center has-small-font-size\"><strong>Compromiso<\/strong><\/p>\n\n\n\n<p class=\"has-text-align-center has-small-font-size\">Trabajamos con dedicaci\u00f3n, transparencia y un enfoque centrado en la excelencia.<\/p>\n<\/div>\n<\/div>\n\n\n\n<div class=\"wp-block-column is-layout-flow wp-block-column-is-layout-flow\">\n<figure class=\"wp-block-image size-full is-style-rounded is-style-rounded--6\"><img loading=\"lazy\" decoding=\"async\" width=\"1025\" height=\"1025\" src=\"https:\/\/artefrio.com.ve\/wp-content\/uploads\/2024\/07\/Nosotros-03.png\" alt=\"\" class=\"wp-image-108\" style=\"aspect-ratio:1;object-fit:cover\" srcset=\"https:\/\/artefrio.com.ve\/wp-content\/uploads\/2024\/07\/Nosotros-03.png 1025w, https:\/\/artefrio.com.ve\/wp-content\/uploads\/2024\/07\/Nosotros-03-300x300.png 300w, https:\/\/artefrio.com.ve\/wp-content\/uploads\/2024\/07\/Nosotros-03-150x150.png 150w, https:\/\/artefrio.com.ve\/wp-content\/uploads\/2024\/07\/Nosotros-03-768x768.png 768w\" sizes=\"auto, (max-width: 1025px) 100vw, 1025px\" \/><\/figure>\n\n\n\n<div class=\"wp-block-group is-vertical is-content-justification-center is-nowrap is-layout-flex wp-container-core-group-is-layout-21d4e958 wp-block-group-is-layout-flex\">\n<p class=\"has-text-align-center has-small-font-size\"><strong>Confiabilidad<\/strong><\/p>\n\n\n\n<p class=\"has-text-align-center has-small-font-size\">Ofrecemos seguridad en cada servicio, respaldados por nuestra experiencia y conocimientos.<\/p>\n<\/div>\n<\/div>\n<\/div>\n<\/div>\n\n\n\n<div class=\"wp-block-group alignfull has-global-padding is-layout-constrained wp-container-core-group-is-layout-d89aad35 wp-block-group-is-layout-constrained\" style=\"margin-top:0;margin-bottom:0;padding-top:var(--wp--preset--spacing--50);padding-right:var(--wp--preset--spacing--50);padding-bottom:var(--wp--preset--spacing--50);padding-left:var(--wp--preset--spacing--50)\">\n<div style=\"height:50px\" aria-hidden=\"true\" class=\"wp-block-spacer\"><\/div>\n\n\n\n<h2 class=\"wp-block-heading has-text-align-center\"><strong>\u00a1Trabajemos juntos!<\/strong><\/h2>\n\n\n\n<div class=\"wp-block-buttons is-content-justification-center is-layout-flex wp-container-core-buttons-is-layout-a89b3969 wp-block-buttons-is-layout-flex\">\n<div class=\"wp-block-button\"><a class=\"wp-block-button__link wp-element-button\" href=\"https:\/\/artefrio.com.ve\/index.php\/servicios\/\">CONT\u00c1CTANOS<\/a><\/div>\n<\/div>\n<\/div>\n\n\n\n<p><\/p>\n","protected":false},"excerpt":{"rendered":"<p>Somos Artefrio En Artefrio, nos especializamos en soluciones de refrigeraci\u00f3n comercial e industrial, ofreciendo servicios de instalaci\u00f3n, mantenimiento preventivo y correctivo con altos est\u00e1ndares de calidad. Construimos relaciones de confianza con nuestros clientes, asegurando que cada sistema funcione con m\u00e1xima eficiencia, durabilidad y sostenibilidad. Atendemos a una amplia gama de sectores, incluyendo almacenes refrigerados, plantas [&hellip;]<\/p>\n","protected":false},"author":1,"featured_media":0,"parent":0,"menu_order":2,"comment_status":"closed","ping_status":"closed","template":"page-no-title","meta":{"footnotes":""},"class_list":["post-9","page","type-page","status-publish","hentry"],"yoast_head":"<!-- This site is optimized with the Yoast SEO plugin v27.3 - https:\/\/yoast.com\/product\/yoast-seo-wordpress\/ -->\n<title>Nosotros - Artefrio C.A.<\/title>\n<meta name=\"description\" content=\"Nuestras soluciones se basan en m\u00e1s de 25 a\u00f1os de experiencia y en el conocimiento profundo del sector de la Refrigeraci\u00f3n.\" \/>\n<meta name=\"robots\" content=\"index, follow, max-snippet:-1, max-image-preview:large, max-video-preview:-1\" \/>\n<link rel=\"canonical\" href=\"https:\/\/artefrio.com.ve\/index.php\/nosotros\/\" \/>\n<meta property=\"og:locale\" content=\"es_ES\" \/>\n<meta property=\"og:type\" content=\"article\" \/>\n<meta property=\"og:title\" content=\"Nosotros - Artefrio C.A.\" \/>\n<meta property=\"og:description\" content=\"Nuestras soluciones se basan en m\u00e1s de 25 a\u00f1os de experiencia y en el conocimiento profundo del sector de la Refrigeraci\u00f3n.\" \/>\n<meta property=\"og:url\" content=\"https:\/\/artefrio.com.ve\/index.php\/nosotros\/\" \/>\n<meta property=\"og:site_name\" content=\"Artefrio C.A.\" \/>\n<meta property=\"article:modified_time\" content=\"2025-04-02T13:17:50+00:00\" \/>\n<meta property=\"og:image\" content=\"https:\/\/artefrio.com.ve\/wp-content\/uploads\/2025\/04\/pexels-thai-nguy-n-613805762-19431067.jpg\" \/>\n\t<meta property=\"og:image:width\" content=\"1280\" \/>\n\t<meta property=\"og:image:height\" content=\"2009\" \/>\n\t<meta property=\"og:image:type\" content=\"image\/jpeg\" \/>\n<meta name=\"twitter:card\" content=\"summary_large_image\" \/>\n<meta name=\"twitter:label1\" content=\"Tiempo de lectura\" \/>\n\t<meta name=\"twitter:data1\" content=\"3 minutos\" \/>\n<script type=\"application\/ld+json\" class=\"yoast-schema-graph\">{\"@context\":\"https:\\\/\\\/schema.org\",\"@graph\":[{\"@type\":\"WebPage\",\"@id\":\"https:\\\/\\\/artefrio.com.ve\\\/index.php\\\/nosotros\\\/\",\"url\":\"https:\\\/\\\/artefrio.com.ve\\\/index.php\\\/nosotros\\\/\",\"name\":\"Nosotros - Artefrio C.A.\",\"isPartOf\":{\"@id\":\"https:\\\/\\\/artefrio.com.ve\\\/#website\"},\"primaryImageOfPage\":{\"@id\":\"https:\\\/\\\/artefrio.com.ve\\\/index.php\\\/nosotros\\\/#primaryimage\"},\"image\":{\"@id\":\"https:\\\/\\\/artefrio.com.ve\\\/index.php\\\/nosotros\\\/#primaryimage\"},\"thumbnailUrl\":\"https:\\\/\\\/artefrio.com.ve\\\/wp-content\\\/uploads\\\/2025\\\/04\\\/pexels-thai-nguy-n-613805762-19431067.jpg\",\"datePublished\":\"2024-07-31T17:43:26+00:00\",\"dateModified\":\"2025-04-02T13:17:50+00:00\",\"description\":\"Nuestras soluciones se basan en m\u00e1s de 25 a\u00f1os de experiencia y en el conocimiento profundo del sector de la Refrigeraci\u00f3n.\",\"breadcrumb\":{\"@id\":\"https:\\\/\\\/artefrio.com.ve\\\/index.php\\\/nosotros\\\/#breadcrumb\"},\"inLanguage\":\"es\",\"potentialAction\":[{\"@type\":\"ReadAction\",\"target\":[\"https:\\\/\\\/artefrio.com.ve\\\/index.php\\\/nosotros\\\/\"]}]},{\"@type\":\"ImageObject\",\"inLanguage\":\"es\",\"@id\":\"https:\\\/\\\/artefrio.com.ve\\\/index.php\\\/nosotros\\\/#primaryimage\",\"url\":\"https:\\\/\\\/artefrio.com.ve\\\/wp-content\\\/uploads\\\/2025\\\/04\\\/pexels-thai-nguy-n-613805762-19431067.jpg\",\"contentUrl\":\"https:\\\/\\\/artefrio.com.ve\\\/wp-content\\\/uploads\\\/2025\\\/04\\\/pexels-thai-nguy-n-613805762-19431067.jpg\",\"width\":1280,\"height\":2009},{\"@type\":\"BreadcrumbList\",\"@id\":\"https:\\\/\\\/artefrio.com.ve\\\/index.php\\\/nosotros\\\/#breadcrumb\",\"itemListElement\":[{\"@type\":\"ListItem\",\"position\":1,\"name\":\"Portada\",\"item\":\"https:\\\/\\\/artefrio.com.ve\\\/\"},{\"@type\":\"ListItem\",\"position\":2,\"name\":\"Nosotros\"}]},{\"@type\":\"WebSite\",\"@id\":\"https:\\\/\\\/artefrio.com.ve\\\/#website\",\"url\":\"https:\\\/\\\/artefrio.com.ve\\\/\",\"name\":\"Artefrio C.A.\",\"description\":\"Refrigeraci\u00f3n Comercial e Industrial\",\"publisher\":{\"@id\":\"https:\\\/\\\/artefrio.com.ve\\\/#organization\"},\"potentialAction\":[{\"@type\":\"SearchAction\",\"target\":{\"@type\":\"EntryPoint\",\"urlTemplate\":\"https:\\\/\\\/artefrio.com.ve\\\/?s={search_term_string}\"},\"query-input\":{\"@type\":\"PropertyValueSpecification\",\"valueRequired\":true,\"valueName\":\"search_term_string\"}}],\"inLanguage\":\"es\"},{\"@type\":\"Organization\",\"@id\":\"https:\\\/\\\/artefrio.com.ve\\\/#organization\",\"name\":\"Artefrio C.A.\",\"url\":\"https:\\\/\\\/artefrio.com.ve\\\/\",\"logo\":{\"@type\":\"ImageObject\",\"inLanguage\":\"es\",\"@id\":\"https:\\\/\\\/artefrio.com.ve\\\/#\\\/schema\\\/logo\\\/image\\\/\",\"url\":\"https:\\\/\\\/artefrio.com.ve\\\/wp-content\\\/uploads\\\/2024\\\/07\\\/Logo-Artefrio-01.png\",\"contentUrl\":\"https:\\\/\\\/artefrio.com.ve\\\/wp-content\\\/uploads\\\/2024\\\/07\\\/Logo-Artefrio-01.png\",\"width\":2084,\"height\":686,\"caption\":\"Artefrio C.A.\"},\"image\":{\"@id\":\"https:\\\/\\\/artefrio.com.ve\\\/#\\\/schema\\\/logo\\\/image\\\/\"},\"sameAs\":[\"https:\\\/\\\/www.instagram.com\\\/artefrio.ca\\\/\"]}]}<\/script>\n<!-- \/ Yoast SEO plugin. -->","yoast_head_json":{"title":"Nosotros - Artefrio C.A.","description":"Nuestras soluciones se basan en m\u00e1s de 25 a\u00f1os de experiencia y en el conocimiento profundo del sector de la Refrigeraci\u00f3n.","robots":{"index":"index","follow":"follow","max-snippet":"max-snippet:-1","max-image-preview":"max-image-preview:large","max-video-preview":"max-video-preview:-1"},"canonical":"https:\/\/artefrio.com.ve\/index.php\/nosotros\/","og_locale":"es_ES","og_type":"article","og_title":"Nosotros - Artefrio C.A.","og_description":"Nuestras soluciones se basan en m\u00e1s de 25 a\u00f1os de experiencia y en el conocimiento profundo del sector de la Refrigeraci\u00f3n.","og_url":"https:\/\/artefrio.com.ve\/index.php\/nosotros\/","og_site_name":"Artefrio C.A.","article_modified_time":"2025-04-02T13:17:50+00:00","og_image":[{"width":1280,"height":2009,"url":"https:\/\/artefrio.com.ve\/wp-content\/uploads\/2025\/04\/pexels-thai-nguy-n-613805762-19431067.jpg","type":"image\/jpeg"}],"twitter_card":"summary_large_image","twitter_misc":{"Tiempo de lectura":"3 minutos"},"schema":{"@context":"https:\/\/schema.org","@graph":[{"@type":"WebPage","@id":"https:\/\/artefrio.com.ve\/index.php\/nosotros\/","url":"https:\/\/artefrio.com.ve\/index.php\/nosotros\/","name":"Nosotros - Artefrio C.A.","isPartOf":{"@id":"https:\/\/artefrio.com.ve\/#website"},"primaryImageOfPage":{"@id":"https:\/\/artefrio.com.ve\/index.php\/nosotros\/#primaryimage"},"image":{"@id":"https:\/\/artefrio.com.ve\/index.php\/nosotros\/#primaryimage"},"thumbnailUrl":"https:\/\/artefrio.com.ve\/wp-content\/uploads\/2025\/04\/pexels-thai-nguy-n-613805762-19431067.jpg","datePublished":"2024-07-31T17:43:26+00:00","dateModified":"2025-04-02T13:17:50+00:00","description":"Nuestras soluciones se basan en m\u00e1s de 25 a\u00f1os de experiencia y en el conocimiento profundo del sector de la Refrigeraci\u00f3n.","breadcrumb":{"@id":"https:\/\/artefrio.com.ve\/index.php\/nosotros\/#breadcrumb"},"inLanguage":"es","potentialAction":[{"@type":"ReadAction","target":["https:\/\/artefrio.com.ve\/index.php\/nosotros\/"]}]},{"@type":"ImageObject","inLanguage":"es","@id":"https:\/\/artefrio.com.ve\/index.php\/nosotros\/#primaryimage","url":"https:\/\/artefrio.com.ve\/wp-content\/uploads\/2025\/04\/pexels-thai-nguy-n-613805762-19431067.jpg","contentUrl":"https:\/\/artefrio.com.ve\/wp-content\/uploads\/2025\/04\/pexels-thai-nguy-n-613805762-19431067.jpg","width":1280,"height":2009},{"@type":"BreadcrumbList","@id":"https:\/\/artefrio.com.ve\/index.php\/nosotros\/#breadcrumb","itemListElement":[{"@type":"ListItem","position":1,"name":"Portada","item":"https:\/\/artefrio.com.ve\/"},{"@type":"ListItem","position":2,"name":"Nosotros"}]},{"@type":"WebSite","@id":"https:\/\/artefrio.com.ve\/#website","url":"https:\/\/artefrio.com.ve\/","name":"Artefrio C.A.","description":"Refrigeraci\u00f3n Comercial e Industrial","publisher":{"@id":"https:\/\/artefrio.com.ve\/#organization"},"potentialAction":[{"@type":"SearchAction","target":{"@type":"EntryPoint","urlTemplate":"https:\/\/artefrio.com.ve\/?s={search_term_string}"},"query-input":{"@type":"PropertyValueSpecification","valueRequired":true,"valueName":"search_term_string"}}],"inLanguage":"es"},{"@type":"Organization","@id":"https:\/\/artefrio.com.ve\/#organization","name":"Artefrio C.A.","url":"https:\/\/artefrio.com.ve\/","logo":{"@type":"ImageObject","inLanguage":"es","@id":"https:\/\/artefrio.com.ve\/#\/schema\/logo\/image\/","url":"https:\/\/artefrio.com.ve\/wp-content\/uploads\/2024\/07\/Logo-Artefrio-01.png","contentUrl":"https:\/\/artefrio.com.ve\/wp-content\/uploads\/2024\/07\/Logo-Artefrio-01.png","width":2084,"height":686,"caption":"Artefrio C.A."},"image":{"@id":"https:\/\/artefrio.com.ve\/#\/schema\/logo\/image\/"},"sameAs":["https:\/\/www.instagram.com\/artefrio.ca\/"]}]}},"_links":{"self":[{"href":"https:\/\/artefrio.com.ve\/index.php\/wp-json\/wp\/v2\/pages\/9","targetHints":{"allow":["GET"]}}],"collection":[{"href":"https:\/\/artefrio.com.ve\/index.php\/wp-json\/wp\/v2\/pages"}],"about":[{"href":"https:\/\/artefrio.com.ve\/index.php\/wp-json\/wp\/v2\/types\/page"}],"author":[{"embeddable":true,"href":"https:\/\/artefrio.com.ve\/index.php\/wp-json\/wp\/v2\/users\/1"}],"replies":[{"embeddable":true,"href":"https:\/\/artefrio.com.ve\/index.php\/wp-json\/wp\/v2\/comments?post=9"}],"version-history":[{"count":38,"href":"https:\/\/artefrio.com.ve\/index.php\/wp-json\/wp\/v2\/pages\/9\/revisions"}],"predecessor-version":[{"id":353,"href":"https:\/\/artefrio.com.ve\/index.php\/wp-json\/wp\/v2\/pages\/9\/revisions\/353"}],"wp:attachment":[{"href":"https:\/\/artefrio.com.ve\/index.php\/wp-json\/wp\/v2\/media?parent=9"}],"curies":[{"name":"wp","href":"https:\/\/api.w.org\/{rel}","templated":true}]}}